{"id":1177,"date":"2024-03-03T20:15:21","date_gmt":"2024-03-03T17:15:21","guid":{"rendered":"https:\/\/www.no-limit-city.com\/?page_id=1177"},"modified":"2025-05-01T14:25:11","modified_gmt":"2025-05-01T11:25:11","slug":"cookie-policy","status":"publish","type":"page","link":"https:\/\/www.no-limit-city.com\/fi\/cookie-policy\/","title":{"rendered":"Ev\u00e4stek\u00e4yt\u00e4nt\u00f6"},"content":{"rendered":"<p><strong>Viimeksi p\u00e4ivitetty: 03.03.2024<\/strong><\/p>\n\n\n\n<p>Tervetuloa Nolimit City Slots Arvostelut, saatavilla osoitteessa <a href=\"https:\/\/www.no-limit-city.com\/fi\/\">https:\/\/www.no-limit-city.com\/<\/a> (\"Sivusto\"). T\u00e4ss\u00e4 ev\u00e4stek\u00e4yt\u00e4nn\u00f6ss\u00e4 selitet\u00e4\u00e4n, miten k\u00e4yt\u00e4mme ev\u00e4steit\u00e4 ja muita vastaavia tekniikoita tunnistamaan sinut, kun vierailet Sivustollamme. Siin\u00e4 selitet\u00e4\u00e4n, mit\u00e4 n\u00e4m\u00e4 tekniikat ovat ja miksi k\u00e4yt\u00e4mme niit\u00e4, sek\u00e4 oikeutesi valvoa niiden k\u00e4ytt\u00f6\u00e4.<\/p>\n\n\n\n<h2 class=\"wp-block-heading\">1. Mit\u00e4 ev\u00e4steet ovat?<\/h2>\n\n\n\n<p>Ev\u00e4steet ovat pieni\u00e4 tiedostoja, jotka sijoitetaan tietokoneellesi tai mobiililaitteellesi, kun vierailet verkkosivustolla. Verkkosivustojen omistajat k\u00e4ytt\u00e4v\u00e4t ev\u00e4steit\u00e4 laajalti saadakseen verkkosivustonsa toimimaan tai toimiakseen tehokkaammin sek\u00e4 raportointitietojen antamiseen.<\/p>\n\n\n\n<p>Sivuston omistajan (t\u00e4ss\u00e4 tapauksessa Nolimit City Slots Reviews) asettamia ev\u00e4steit\u00e4 kutsutaan \"ensimm\u00e4isen osapuolen ev\u00e4steiksi\". Muiden osapuolten kuin verkkosivuston omistajan asettamia ev\u00e4steit\u00e4 kutsutaan \"kolmannen osapuolen ev\u00e4steiksi\". Kolmannen osapuolen ev\u00e4steet mahdollistavat kolmannen osapuolen ominaisuuksien tai toimintojen tarjoamisen verkkosivustolla tai sen kautta (esim. mainonta, interaktiivinen sis\u00e4lt\u00f6 ja analytiikka). Kolmannen osapuolen ev\u00e4steet asettavat osapuolet voivat tunnistaa tietokoneesi sek\u00e4 silloin, kun se vierailee kyseisell\u00e4 verkkosivustolla, ett\u00e4 my\u00f6s silloin, kun se vierailee tietyill\u00e4 muilla verkkosivustoilla.<\/p>\n\n\n\n<h2 class=\"wp-block-heading\">2. Miksi k\u00e4yt\u00e4mme ev\u00e4steit\u00e4?<\/h2>\n\n\n\n<p>K\u00e4yt\u00e4mme ensimm\u00e4isen ja kolmannen osapuolen ev\u00e4steit\u00e4 useista syist\u00e4. Joitakin ev\u00e4steit\u00e4 tarvitaan teknisist\u00e4 syist\u00e4, jotta sivustomme voi toimia, ja kutsumme niit\u00e4 \"v\u00e4ltt\u00e4m\u00e4tt\u00f6miksi\" tai \"ehdottoman v\u00e4ltt\u00e4m\u00e4tt\u00f6miksi\" ev\u00e4steiksi. Muiden ev\u00e4steiden avulla voimme my\u00f6s seurata ja kohdentaa k\u00e4ytt\u00e4jiemme kiinnostuksen kohteita parantaaksemme sivuston k\u00e4ytt\u00f6kokemusta. Kolmannet osapuolet k\u00e4ytt\u00e4v\u00e4t sivustomme kautta ev\u00e4steit\u00e4 mainontaan, analytiikkaan ja muihin tarkoituksiin. T\u00e4t\u00e4 kuvataan tarkemmin j\u00e4ljemp\u00e4n\u00e4.<\/p>\n\n\n\n<h2 class=\"wp-block-heading\">3. Miten voin hallita ev\u00e4steit\u00e4?<\/h2>\n\n\n\n<p>Sinulla on oikeus p\u00e4\u00e4tt\u00e4\u00e4, hyv\u00e4ksytk\u00f6 vai hylk\u00e4\u00e4tk\u00f6 ev\u00e4steet. Voit k\u00e4ytt\u00e4\u00e4 ev\u00e4steit\u00e4 koskevia oikeuksiasi asettamalla mieltymyksesi Cookie Consent Managerissa. Cookie Consent Managerin avulla voit valita, mitk\u00e4 ev\u00e4steluokat hyv\u00e4ksyt tai hylk\u00e4\u00e4t. V\u00e4ltt\u00e4m\u00e4tt\u00f6mi\u00e4 ev\u00e4steit\u00e4 ei voi hyl\u00e4t\u00e4, koska ne ovat ehdottoman v\u00e4ltt\u00e4m\u00e4tt\u00f6mi\u00e4 palvelujen tarjoamiseksi sinulle.<\/p>\n\n\n\n<p>Alla olevassa taulukossa on kuvattu sivustomme kautta k\u00e4ytett\u00e4vien ensimm\u00e4isen ja kolmannen osapuolen ev\u00e4steiden erityiset tyypit ja niiden tarkoitusper\u00e4t:<\/p>\n\n\n\n<ul class=\"wp-block-list\">\n<li><strong>V\u00e4ltt\u00e4m\u00e4tt\u00f6m\u00e4t verkkosivuston ev\u00e4steet:<\/strong> N\u00e4m\u00e4 ev\u00e4steet ovat ehdottoman v\u00e4ltt\u00e4m\u00e4tt\u00f6mi\u00e4, jotta voimme tarjota sinulle sivustomme kautta saatavilla olevia palveluja ja k\u00e4ytt\u00e4\u00e4 joitakin sen ominaisuuksia, kuten p\u00e4\u00e4sy\u00e4 suojatuille alueille.<\/li>\n\n\n\n<li><strong>Analytiikka- ja r\u00e4\u00e4t\u00e4l\u00f6intiev\u00e4steet:<\/strong> N\u00e4m\u00e4 ev\u00e4steet ker\u00e4\u00e4v\u00e4t tietoja, joita k\u00e4ytet\u00e4\u00e4n joko kootusti auttamaan meit\u00e4 ymm\u00e4rt\u00e4m\u00e4\u00e4n, miten verkkosivustoamme k\u00e4ytet\u00e4\u00e4n tai miten tehokkaita markkinointikampanjamme ovat, tai auttamaan meit\u00e4 r\u00e4\u00e4t\u00e4l\u00f6im\u00e4\u00e4n verkkosivustoamme sinulle sopivaksi.<\/li>\n\n\n\n<li><strong>Mainosev\u00e4steet:<\/strong> N\u00e4it\u00e4 ev\u00e4steit\u00e4 k\u00e4ytet\u00e4\u00e4n, jotta mainosviestit olisivat sinulle sopivampia. Niill\u00e4 estet\u00e4\u00e4n esimerkiksi saman mainoksen jatkuva toistuminen, varmistetaan, ett\u00e4 mainokset n\u00e4ytet\u00e4\u00e4n oikein mainostajille, ja joissakin tapauksissa valitaan kiinnostuksen kohteisiisi perustuvia mainoksia.<\/li>\n<\/ul>\n\n\n\n<h2 class=\"wp-block-heading\">4. Kuinka usein p\u00e4ivit\u00e4tte t\u00e4t\u00e4 ev\u00e4stek\u00e4yt\u00e4nt\u00f6\u00e4?<\/h2>\n\n\n\n<p>Saatamme ajoittain p\u00e4ivitt\u00e4\u00e4 t\u00e4t\u00e4 ev\u00e4stek\u00e4yt\u00e4nt\u00f6\u00e4 esimerkiksi k\u00e4ytt\u00e4miemme ev\u00e4steiden muutosten vuoksi tai muista toiminnallisista, oikeudellisista tai s\u00e4\u00e4ntelyyn liittyvist\u00e4 syist\u00e4. Vieraile siksi s\u00e4\u00e4nn\u00f6llisesti t\u00e4ss\u00e4 ev\u00e4stek\u00e4yt\u00e4nn\u00f6ss\u00e4, jotta pysyt ajan tasalla ev\u00e4steiden ja niihin liittyvien tekniikoiden k\u00e4yt\u00f6st\u00e4.<\/p>\n\n\n\n<h2 class=\"wp-block-heading\">5. Mist\u00e4 saan lis\u00e4tietoja?<\/h2>\n\n\n\n<p>Jos sinulla on kysytt\u00e4v\u00e4\u00e4 ev\u00e4steiden tai muiden tekniikoiden k\u00e4yt\u00f6st\u00e4, l\u00e4het\u00e4 meille s\u00e4hk\u00f6postia osoitteessa <a href=\"mailto:info@no-limit-city.com\">info@no-limit-city.com<\/a>.<\/p>","protected":false},"excerpt":{"rendered":"<p>Last Updated: 03.03.2024 Welcome to Nolimit City Slots Reviews, accessible at https:\/\/www.no-limit-city.com\/ (&#8220;Site&#8221;). This Cookie Policy explains how we use cookies and similar technologies to recognize you when you visit our Site. It explains what these technologies are and why we use them, as well as your rights to control our use of them. 1. [&hellip;]<\/p>","protected":false},"author":1,"featured_media":0,"parent":0,"menu_order":0,"comment_status":"closed","ping_status":"closed","template":"","meta":{"footnotes":""},"class_list":["post-1177","page","type-page","status-publish","hentry"],"acf":[],"_links":{"self":[{"href":"https:\/\/www.no-limit-city.com\/fi\/wp-json\/wp\/v2\/pages\/1177","targetHints":{"allow":["GET"]}}],"collection":[{"href":"https:\/\/www.no-limit-city.com\/fi\/wp-json\/wp\/v2\/pages"}],"about":[{"href":"https:\/\/www.no-limit-city.com\/fi\/wp-json\/wp\/v2\/types\/page"}],"author":[{"embeddable":true,"href":"https:\/\/www.no-limit-city.com\/fi\/wp-json\/wp\/v2\/users\/1"}],"replies":[{"embeddable":true,"href":"https:\/\/www.no-limit-city.com\/fi\/wp-json\/wp\/v2\/comments?post=1177"}],"version-history":[{"count":0,"href":"https:\/\/www.no-limit-city.com\/fi\/wp-json\/wp\/v2\/pages\/1177\/revisions"}],"wp:attachment":[{"href":"https:\/\/www.no-limit-city.com\/fi\/wp-json\/wp\/v2\/media?parent=1177"}],"curies":[{"name":"wp","href":"https:\/\/api.w.org\/{rel}","templated":true}]}}