{"id":1213,"date":"2024-03-03T20:50:13","date_gmt":"2024-03-03T17:50:13","guid":{"rendered":"https:\/\/www.no-limit-city.com\/?page_id=1213"},"modified":"2025-05-30T13:01:13","modified_gmt":"2025-05-30T10:01:13","slug":"contacts","status":"publish","type":"page","link":"https:\/\/www.no-limit-city.com\/fi\/contacts\/","title":{"rendered":"Yhteystiedot"},"content":{"rendered":"<p>Olemme innoissamme, ett\u00e4 olet t\u00e4\u00e4ll\u00e4! Olitpa sitten vannoutunut Nolimit Cityn fani, seuraavaa j\u00e4nnityst\u00e4 etsiv\u00e4 satunnaispelaaja tai vain utelias siit\u00e4, mik\u00e4 tekee Nolimit Cityn peleist\u00e4 niin ainutlaatuisia, olemme t\u00e4\u00e4ll\u00e4 auttamassa ja sitouttamassa.<\/p>\n\n\n\n<h2 class=\"wp-block-heading\"><strong>Ota yhteytt\u00e4<\/strong><\/h2>\n\n\n\n<p>Onko sinulla kysymyksi\u00e4, ehdotuksia tai haluatko jakaa eeppisi\u00e4 voittotarinoitasi? Haluamme kuulla sinusta! N\u00e4in voit ottaa meihin yhteytt\u00e4:<\/p>\n\n\n\n<ul class=\"wp-block-list\">\n<li><strong>S\u00e4hk\u00f6posti:<\/strong> Jos haluat kysy\u00e4, antaa palautetta tai vain tervehti\u00e4, l\u00e4het\u00e4 meille s\u00e4hk\u00f6postia osoitteeseen <a href=\"mailto:info@no-limit-city.com\">info@no-limit-city.com<\/a>. Pyrimme vastaamaan kaikkiin s\u00e4hk\u00f6posteihin 48 tunnin kuluessa.<\/li>\n\n\n\n<li><strong>Yhteis\u00f6foorumit:<\/strong> K\u00e4y foorumeillamme keskustelemassa suosikkipeleist\u00e4si, strategioista ja kokemuksista muiden fanien kanssa. Se on loistava paikka tavata muita harrastajia ja jakaa vinkkej\u00e4 ja temppuja. Liity foorumiin.<\/li>\n<\/ul>\n\n\n\n<h2 class=\"wp-block-heading\"><strong>Tiedotusv\u00e4lineiden ja kumppanuuksien tiedustelut<\/strong><\/h2>\n\n\n\n<p>Jos haluatte kysy\u00e4 lehdist\u00f6lt\u00e4 tai tiedotusv\u00e4lineilt\u00e4 tai jos olette kiinnostuneita yhteisty\u00f6st\u00e4 kanssamme, ottakaa yhteytt\u00e4 mediatiimiimme osoitteessa <a href=\"mailto:info@no-limit-city.com\">info@no-limit-city.com<\/a>.<\/p>\n\n\n\n<h2 class=\"wp-block-heading\"><strong>Palaute<\/strong><\/h2>\n\n\n\n<p>Palautteesi on meille korvaamatonta. Jos sinulla on ideoita siit\u00e4, miten voisimme parantaa tai haluat ehdottaa uutta sis\u00e4lt\u00f6\u00e4, \u00e4l\u00e4 ep\u00e4r\u00f6i ottaa yhteytt\u00e4. Pyrimme jatkuvasti parantamaan sivustoa ja yhteis\u00f6kokemusta.<\/p>\n\n\n\n<h2 class=\"wp-block-heading\"><strong>Oikeudellinen vastuuvapauslauseke<\/strong><\/h2>\n\n\n\n<p>Huomaa, ett\u00e4 t\u00e4m\u00e4 on fanien yll\u00e4pit\u00e4m\u00e4 sivusto, eik\u00e4 se ole virallisesti sidoksissa Nolimit Cityyn. Jos haluat virallista tukea tai suoraan Nolimit Cityyn ja heid\u00e4n peleihins\u00e4 liittyvi\u00e4 kyselyit\u00e4, k\u00e4y osoitteessa <a href=\"http:\/\/nolimitcity.com\/\" rel=\"nofollow noopener\" target=\"_blank\">Nolimitin kaupungin virallinen verkkosivusto<\/a>.<\/p>\n\n\n\n<p>Kiitos, ett\u00e4 olet osa yhteis\u00f6\u00e4mme. Emme malta odottaa, ett\u00e4 kuulemme sinusta!<\/p>","protected":false},"excerpt":{"rendered":"<p>We&#8217;re thrilled you&#8217;re here! Whether you&#8217;re a die-hard Nolimit City fan, a casual player looking for your next thrill, or just curious about what makes Nolimit City&#8217;s games so unique, we&#8217;re here to help and engage. Get In Touch Have questions, suggestions, or want to share your epic win stories? We&#8217;d love to hear from [&hellip;]<\/p>","protected":false},"author":1,"featured_media":0,"parent":0,"menu_order":0,"comment_status":"closed","ping_status":"closed","template":"","meta":{"footnotes":""},"class_list":["post-1213","page","type-page","status-publish","hentry"],"acf":[],"_links":{"self":[{"href":"https:\/\/www.no-limit-city.com\/fi\/wp-json\/wp\/v2\/pages\/1213","targetHints":{"allow":["GET"]}}],"collection":[{"href":"https:\/\/www.no-limit-city.com\/fi\/wp-json\/wp\/v2\/pages"}],"about":[{"href":"https:\/\/www.no-limit-city.com\/fi\/wp-json\/wp\/v2\/types\/page"}],"author":[{"embeddable":true,"href":"https:\/\/www.no-limit-city.com\/fi\/wp-json\/wp\/v2\/users\/1"}],"replies":[{"embeddable":true,"href":"https:\/\/www.no-limit-city.com\/fi\/wp-json\/wp\/v2\/comments?post=1213"}],"version-history":[{"count":0,"href":"https:\/\/www.no-limit-city.com\/fi\/wp-json\/wp\/v2\/pages\/1213\/revisions"}],"wp:attachment":[{"href":"https:\/\/www.no-limit-city.com\/fi\/wp-json\/wp\/v2\/media?parent=1213"}],"curies":[{"name":"wp","href":"https:\/\/api.w.org\/{rel}","templated":true}]}}