{"id":263,"date":"2024-03-11T17:52:30","date_gmt":"2024-03-11T14:52:30","guid":{"rendered":"https:\/\/export.mercurytheme.com\/001\/?page_id=263"},"modified":"2024-03-15T12:52:22","modified_gmt":"2024-03-15T09:52:22","slug":"privacy-policy","status":"publish","type":"page","link":"https:\/\/www.no-limit-city.com\/fi\/privacy-policy\/","title":{"rendered":"Tietosuojak\u00e4yt\u00e4nt\u00f6"},"content":{"rendered":"<p><strong>Viimeisin p\u00e4ivitys: 03.03.2024<\/strong><\/p>\n\n\n\n<p>T\u00e4t\u00e4 tietosuojak\u00e4yt\u00e4nt\u00f6\u00e4 sovelletaan verkkosivustoon, joka sijaitsee osoitteessa <a href=\"https:\/\/www.no-limit-city.com\/fi\/\">https:\/\/www.no-limit-city.com\/<\/a> (j\u00e4ljemp\u00e4n\u00e4 \"me\", \"meit\u00e4\", \"meid\u00e4n\", \"Nolimit City Slots Reviews\" tai \"Sivusto\"). Siin\u00e4 kuvataan, miten ker\u00e4\u00e4mme, k\u00e4yt\u00e4mme ja jaamme tietoja sinusta omistamiemme ja hallitsemiemme online-liittymien kautta, mukaan lukien seuraavat tiedot <a href=\"https:\/\/www.no-limit-city.com\/fi\/\">https:\/\/www.no-limit-city.com\/<\/a>.<\/p>\n\n\n\n<h2 class=\"wp-block-heading\">Tietojen ker\u00e4\u00e4minen<\/h2>\n\n\n\n<h3 class=\"wp-block-heading\">Meille antamasi tiedot<\/h3>\n\n\n\n<p>Ker\u00e4\u00e4mme tietoja, jotka annat suoraan meille. N\u00e4it\u00e4 voivat olla mm:<\/p>\n\n\n\n<ul class=\"wp-block-list\">\n<li>Henkil\u00f6kohtaiset tiedot, kun l\u00e4het\u00e4t lomakkeita tai rekister\u00f6idyt tilille Sivustollamme, kuten nimesi, s\u00e4hk\u00f6postiosoitteesi, postiosoitteesi, puhelinnumerosi ja muut asiaankuuluvat tiedot.<\/li>\n\n\n\n<li>Tapahtumatiedot, mukaan lukien tiedot sinulle ja sinulta suoritetuista maksuista ja muut tiedot tuotteista ja palveluista, joita olet ostanut meilt\u00e4.<\/li>\n\n\n\n<li>Palaute ja kirjeenvaihto, kuten tiedot, jotka annat vastatessasi kyselyihin, osallistuessasi markkinatutkimustoimintaan, ilmoittaessasi sivustomme ongelmista tai saadessasi asiakastukea.<\/li>\n<\/ul>\n\n\n\n<h3 class=\"wp-block-heading\">Automaattisesti ker\u00e4\u00e4m\u00e4mme tiedot<\/h3>\n\n\n\n<p>Kun k\u00e4yt\u00e4t Sivustoamme tai k\u00e4yt\u00e4t sit\u00e4, saatamme automaattisesti ker\u00e4t\u00e4 sinusta tietoja, mukaan lukien:<\/p>\n\n\n\n<ul class=\"wp-block-list\">\n<li>Lokitiedot: Tiedot vierailuistasi sivustollamme, mukaan lukien liikennetiedot, sijaintitiedot, lokitiedot ja muut viestint\u00e4tiedot sek\u00e4 resurssit, joita k\u00e4yt\u00e4t sivustolla.<\/li>\n\n\n\n<li>Laitteen tiedot: Tietokoneen, mobiililaitteen ja Internet-yhteyden tiedot, mukaan lukien laitteen yksil\u00f6llinen laitetunniste, IP-osoite, k\u00e4ytt\u00f6j\u00e4rjestelm\u00e4, selaimen tyyppi, mobiiliverkon tiedot ja laitteen puhelinnumero.<\/li>\n\n\n\n<li>K\u00e4ytt\u00f6tiedot: Yksityiskohdat sivustomme k\u00e4yt\u00f6st\u00e4si, mukaan lukien liikennetiedot, sijaintitiedot, lokitiedot ja muut viestint\u00e4tiedot sek\u00e4 resurssit, joita k\u00e4yt\u00e4t sivustolla.<\/li>\n<\/ul>\n\n\n\n<h3 class=\"wp-block-heading\">Ev\u00e4steet ja vastaavat teknologiat<\/h3>\n\n\n\n<p>K\u00e4yt\u00e4mme ev\u00e4steit\u00e4 ja vastaavia seurantatekniikoita sivustomme toiminnan seuraamiseen ja tiettyjen tietojen s\u00e4ilytt\u00e4miseen. Ev\u00e4steet ovat tiedostoja, jotka sis\u00e4lt\u00e4v\u00e4t pienen m\u00e4\u00e4r\u00e4n tietoa, joka voi sis\u00e4lt\u00e4\u00e4 anonyymin yksil\u00f6llisen tunnisteen. Sinulla on mahdollisuus hyv\u00e4ksy\u00e4 tai hyl\u00e4t\u00e4 n\u00e4m\u00e4 ev\u00e4steet ja tiet\u00e4\u00e4, milloin tietokoneellesi l\u00e4hetet\u00e4\u00e4n ev\u00e4ste. Jos p\u00e4\u00e4t\u00e4t kielt\u00e4yty\u00e4 ev\u00e4steist\u00e4, et ehk\u00e4 pysty k\u00e4ytt\u00e4m\u00e4\u00e4n joitakin palvelumme osia.<\/p>\n\n\n\n<h2 class=\"wp-block-heading\">Tietojen k\u00e4ytt\u00f6<\/h2>\n\n\n\n<p>K\u00e4yt\u00e4mme sinusta ker\u00e4ttyj\u00e4 tai antamiasi tietoja, mukaan lukien henkil\u00f6tiedot:<\/p>\n\n\n\n<ul class=\"wp-block-list\">\n<li>Sivustomme ja sen sis\u00e4ll\u00f6n esitteleminen sinulle.<\/li>\n\n\n\n<li>Tarjotaksemme sinulle tietoja, tuotteita tai palveluja, joita pyyd\u00e4t meilt\u00e4.<\/li>\n\n\n\n<li>Mihin tahansa muuhun tarkoitukseen, jota varten annat tiedot.<\/li>\n\n\n\n<li>Sinun ja meid\u00e4n v\u00e4lisist\u00e4 sopimuksista johtuvien velvoitteidemme t\u00e4ytt\u00e4miseen ja oikeuksiemme valvomiseen, mukaan lukien laskutus ja perint\u00e4.<\/li>\n\n\n\n<li>Ilmoittaaksemme sinulle muutoksista sivustossamme tai sen kautta tarjoamissamme tai tarjoamissamme tuotteissa tai palveluissa.<\/li>\n\n\n\n<li>Jotta voit osallistua sivustomme interaktiivisiin toimintoihin.<\/li>\n<\/ul>\n\n\n\n<h2 class=\"wp-block-heading\">Tietojen jakaminen<\/h2>\n\n\n\n<p>Voimme luovuttaa rajoituksetta k\u00e4ytt\u00e4ji\u00e4 koskevia koottuja tietoja ja tietoja, joista ei voida tunnistaa ket\u00e4\u00e4n yksitt\u00e4ist\u00e4 henkil\u00f6\u00e4. Voimme luovuttaa ker\u00e4\u00e4mi\u00e4mme tai antamiasi henkil\u00f6tietoja:<\/p>\n\n\n\n<ul class=\"wp-block-list\">\n<li>Tyt\u00e4ryhti\u00f6illemme ja tyt\u00e4ryhti\u00f6illemme.<\/li>\n\n\n\n<li>alihankkijoille, palveluntarjoajille ja muille kolmansille osapuolille, joita k\u00e4yt\u00e4mme liiketoimintamme tukemiseen.<\/li>\n\n\n\n<li>Sen tarkoituksen t\u00e4ytt\u00e4miseksi, jota varten annat tiedot.<\/li>\n\n\n\n<li>mihin tahansa muuhun tarkoitukseen, jonka me ilmoitamme, kun annat tietoja.<\/li>\n\n\n\n<li>Suostumuksellasi.<\/li>\n<\/ul>\n\n\n\n<h2 class=\"wp-block-heading\">Tietojesi turvallisuus<\/h2>\n\n\n\n<p>Olemme toteuttaneet toimenpiteit\u00e4, joiden tarkoituksena on suojata henkil\u00f6tietosi vahingossa tapahtuvalta h\u00e4vi\u00e4miselt\u00e4 sek\u00e4 luvattomalta p\u00e4\u00e4sylt\u00e4, k\u00e4yt\u00f6lt\u00e4, muuttamiselta ja paljastamiselta. Valitettavasti tiedonsiirto internetin kautta ei ole t\u00e4ysin turvallista. Vaikka teemme parhaamme suojellaksemme henkil\u00f6tietojasi, emme voi taata sivustollemme siirrettyjen henkil\u00f6tietojesi turvallisuutta. Henkil\u00f6kohtaisten tietojen l\u00e4hett\u00e4minen tapahtuu omalla vastuullasi.<\/p>\n\n\n\n<h2 class=\"wp-block-heading\">Muutokset tietosuojak\u00e4yt\u00e4nt\u00f6\u00f6mme<\/h2>\n\n\n\n<p>Saatamme p\u00e4ivitt\u00e4\u00e4 tietosuojak\u00e4yt\u00e4nt\u00f6\u00e4mme aika ajoin. Ilmoitamme sinulle kaikista muutoksista julkaisemalla uuden tietosuojak\u00e4yt\u00e4nn\u00f6n t\u00e4ll\u00e4 sivulla. Sinua kehotetaan tarkistamaan t\u00e4m\u00e4 tietosuojak\u00e4yt\u00e4nt\u00f6 s\u00e4\u00e4nn\u00f6llisesti mahdollisten muutosten varalta.<\/p>\n\n\n\n<h2 class=\"wp-block-heading\">Yhteystiedot<\/h2>\n\n\n\n<p>Jos haluat esitt\u00e4\u00e4 kysymyksi\u00e4 tai kommentteja t\u00e4st\u00e4 tietosuojak\u00e4yt\u00e4nn\u00f6st\u00e4 ja tietosuojak\u00e4yt\u00e4nn\u00f6ist\u00e4mme, ota meihin yhteytt\u00e4 osoitteeseen: <a href=\"mailto:info@no-limit-city.com\">info@no-limit-city.com<\/a>.<\/p>","protected":false},"excerpt":{"rendered":"<p>Last Update: 03.03.2024 This Privacy Policy applies to the website located at https:\/\/www.no-limit-city.com\/ (hereinafter &#8220;we&#8221;, &#8220;us&#8221;, &#8220;our&#8221;, &#8220;Nolimit City Slots Reviews&#8221;, or &#8220;Site&#8221;). It describes how we collect, use, and share information about you through our online interfaces owned and controlled by us, including https:\/\/www.no-limit-city.com\/. Collection of Information Information You Provide to Us We collect [&hellip;]<\/p>","protected":false},"author":1,"featured_media":0,"parent":0,"menu_order":0,"comment_status":"closed","ping_status":"closed","template":"","meta":{"footnotes":""},"class_list":["post-263","page","type-page","status-publish","hentry"],"acf":[],"_links":{"self":[{"href":"https:\/\/www.no-limit-city.com\/fi\/wp-json\/wp\/v2\/pages\/263","targetHints":{"allow":["GET"]}}],"collection":[{"href":"https:\/\/www.no-limit-city.com\/fi\/wp-json\/wp\/v2\/pages"}],"about":[{"href":"https:\/\/www.no-limit-city.com\/fi\/wp-json\/wp\/v2\/types\/page"}],"author":[{"embeddable":true,"href":"https:\/\/www.no-limit-city.com\/fi\/wp-json\/wp\/v2\/users\/1"}],"replies":[{"embeddable":true,"href":"https:\/\/www.no-limit-city.com\/fi\/wp-json\/wp\/v2\/comments?post=263"}],"version-history":[{"count":0,"href":"https:\/\/www.no-limit-city.com\/fi\/wp-json\/wp\/v2\/pages\/263\/revisions"}],"wp:attachment":[{"href":"https:\/\/www.no-limit-city.com\/fi\/wp-json\/wp\/v2\/media?parent=263"}],"curies":[{"name":"wp","href":"https:\/\/api.w.org\/{rel}","templated":true}]}}