{"id":265,"date":"2024-03-11T17:52:34","date_gmt":"2024-03-11T14:52:34","guid":{"rendered":"https:\/\/export.mercurytheme.com\/001\/?page_id=265"},"modified":"2025-05-01T14:25:06","modified_gmt":"2025-05-01T11:25:06","slug":"terms-and-conditions","status":"publish","type":"page","link":"https:\/\/www.no-limit-city.com\/fi\/terms-and-conditions\/","title":{"rendered":"Ehdot ja edellytykset"},"content":{"rendered":"<p><strong>Viimeksi p\u00e4ivitetty: 03.03.2024<\/strong><\/p>\n\n\n\n<p>Tervetuloa Nolimit City Slots Arvostelut, saatavilla osoitteessa <a href=\"https:\/\/www.no-limit-city.com\/fi\/\">https:\/\/www.no-limit-city.com\/<\/a> (\"Sivusto\"). N\u00e4iss\u00e4 ehdoissa esitet\u00e4\u00e4n Sivuston k\u00e4ytt\u00f6\u00e4 koskevat s\u00e4\u00e4nn\u00f6t ja m\u00e4\u00e4r\u00e4ykset.<\/p>\n\n\n\n<p>K\u00e4ytt\u00e4m\u00e4ll\u00e4 t\u00e4t\u00e4 verkkosivustoa oletamme, ett\u00e4 hyv\u00e4ksyt n\u00e4m\u00e4 ehdot kokonaisuudessaan. \u00c4l\u00e4 jatka Nolimit City Slots -arvostelujen k\u00e4ytt\u00f6\u00e4, jos et hyv\u00e4ksy kaikkia t\u00e4ll\u00e4 sivulla mainittuja ehtoja ja edellytyksi\u00e4.<\/p>\n\n\n\n<h2 class=\"wp-block-heading\">1. Immateriaalioikeudet<\/h2>\n\n\n\n<p>Lukuun ottamatta omistamaasi sis\u00e4lt\u00f6\u00e4, jonka olet ehk\u00e4 p\u00e4\u00e4tt\u00e4nyt sis\u00e4llytt\u00e4\u00e4 t\u00e4lle verkkosivustolle, n\u00e4iden ehtojen mukaisesti Nolimit City Slots Reviews ja\/tai sen lisenssinantajat omistavat kaikki oikeudet immateriaalioikeuksiin ja t\u00e4m\u00e4n verkkosivuston sis\u00e4lt\u00e4m\u00e4\u00e4n aineistoon, ja kaikki t\u00e4llaiset oikeudet on pid\u00e4tetty.<\/p>\n\n\n\n<p>Sinulle my\u00f6nnet\u00e4\u00e4n rajoitettu lisenssi vain t\u00e4m\u00e4n verkkosivuston sis\u00e4lt\u00e4m\u00e4n aineiston katseluun n\u00e4iss\u00e4 ehdoissa m\u00e4\u00e4r\u00e4ttyjen rajoitusten mukaisesti.<\/p>\n\n\n\n<h2 class=\"wp-block-heading\">2. Rajoitukset<\/h2>\n\n\n\n<p>Sinua on nimenomaisesti kielletty seuraavilta:<\/p>\n\n\n\n<ul class=\"wp-block-list\">\n<li>Sivuston materiaalin julkaiseminen miss\u00e4 tahansa tiedotusv\u00e4lineess\u00e4 ilman etuk\u00e4teen annettua kirjallista lupaa.<\/li>\n\n\n\n<li>Sivuston materiaalin myyminen, alilisensointi ja\/tai muu kaupallistaminen.<\/li>\n\n\n\n<li>Sivuston materiaalin julkinen esitt\u00e4minen ja\/tai n\u00e4ytt\u00e4minen.<\/li>\n\n\n\n<li>T\u00e4m\u00e4n verkkosivuston k\u00e4ytt\u00e4minen mill\u00e4\u00e4n tavalla, joka on tai voi olla vahingollista t\u00e4lle verkkosivustolle.<\/li>\n\n\n\n<li>T\u00e4m\u00e4n verkkosivuston k\u00e4ytt\u00e4minen mill\u00e4\u00e4n tavalla, joka vaikuttaa k\u00e4ytt\u00e4jien p\u00e4\u00e4syyn t\u00e4lle verkkosivustolle.<\/li>\n\n\n\n<li>T\u00e4m\u00e4n verkkosivuston k\u00e4ytt\u00e4minen sovellettavien lakien ja m\u00e4\u00e4r\u00e4ysten vastaisesti tai tavalla, joka aiheuttaa tai saattaa aiheuttaa vahinkoa verkkosivustolle tai jollekin henkil\u00f6lle tai liiketoimintayksik\u00f6lle.<\/li>\n<\/ul>\n\n\n\n<h2 class=\"wp-block-heading\">3. K\u00e4ytt\u00e4j\u00e4n sis\u00e4lt\u00f6<\/h2>\n\n\n\n<p>N\u00e4iss\u00e4 k\u00e4ytt\u00f6ehdoissa \"k\u00e4ytt\u00e4j\u00e4n sis\u00e4ll\u00f6ll\u00e4\" tarkoitetaan materiaalia (mukaan lukien mutta ei rajoittuen tekstiin, kuviin, \u00e4\u00e4ni-, video- ja audiovisuaaliseen materiaaliin), jonka l\u00e4het\u00e4t t\u00e4lle verkkosivustolle mihin tahansa tarkoitukseen.<\/p>\n\n\n\n<p>My\u00f6nn\u00e4t Nolimit City Slots Reviewsille ei-yksinomaisen, maailmanlaajuisen, peruuttamattoman, rojaltivapaan, alilisensoitavan lisenssin k\u00e4ytt\u00e4\u00e4, j\u00e4ljent\u00e4\u00e4, mukauttaa, julkaista, k\u00e4\u00e4nt\u00e4\u00e4 ja levitt\u00e4\u00e4 k\u00e4ytt\u00e4j\u00e4sis\u00e4lt\u00f6\u00e4si miss\u00e4 tahansa nykyisess\u00e4 tai tulevassa mediassa. My\u00f6nn\u00e4t Nolimit City Slots Reviewsille my\u00f6s oikeuden alilisensoida n\u00e4m\u00e4 oikeudet ja oikeuden nostaa kanne n\u00e4iden oikeuksien loukkaamisesta.<\/p>\n\n\n\n<h2 class=\"wp-block-heading\">4. Ei takuita<\/h2>\n\n\n\n<p>T\u00e4m\u00e4 verkkosivusto tarjotaan \"sellaisenaan\" kaikkine virheineen, eik\u00e4 Nolimit City Slots Reviews anna mit\u00e4\u00e4n nimenomaisia tai ep\u00e4suoria vakuutuksia tai takuita, jotka liittyv\u00e4t t\u00e4h\u00e4n verkkosivustoon tai sen sis\u00e4lt\u00e4miin materiaaleihin.<\/p>\n\n\n\n<h2 class=\"wp-block-heading\">5. Vastuun rajoittaminen<\/h2>\n\n\n\n<p>Miss\u00e4\u00e4n tapauksessa Nolimit City Slots Reviews, tai sen toimihenkil\u00f6t, johtajat ja ty\u00f6ntekij\u00e4t, eiv\u00e4t ole vastuussa mist\u00e4\u00e4n, mik\u00e4 johtuu tai liittyy mill\u00e4\u00e4n tavalla t\u00e4m\u00e4n verkkosivuston k\u00e4ytt\u00f6\u00f6si, riippumatta siit\u00e4, perustuuko t\u00e4llainen vastuu sopimukseen, vahingonkorvaukseen tai muuhun, eik\u00e4 Nolimit City Slots Reviews, mukaan lukien sen toimihenkil\u00f6t, johtajat ja ty\u00f6ntekij\u00e4t, ole vastuussa mist\u00e4\u00e4n ep\u00e4suorasta, ep\u00e4suorasta, v\u00e4lillisest\u00e4 tai erityisest\u00e4 vastuusta, joka johtuu tai liittyy mill\u00e4\u00e4n tavalla t\u00e4m\u00e4n verkkosivuston k\u00e4ytt\u00f6\u00f6si.<\/p>\n\n\n\n<h2 class=\"wp-block-heading\">6. Vahingonkorvaus<\/h2>\n\n\n\n<p>T\u00e4ten vapautat t\u00e4ysipainoisesti Nolimit City Slots Reviewsin kaikista vastuista, kustannuksista, vaatimuksista, kanteista, vahingoista ja kuluista (mukaan lukien kohtuulliset asianajajan palkkiot), jotka aiheutuvat tai liittyv\u00e4t mill\u00e4\u00e4n tavalla n\u00e4iden ehtojen m\u00e4\u00e4r\u00e4ysten rikkomiseen.<\/p>\n\n\n\n<h2 class=\"wp-block-heading\">7. Irrotettavuus<\/h2>\n\n\n\n<p>Jos jokin n\u00e4iden ehtojen m\u00e4\u00e4r\u00e4ys todetaan t\u00e4yt\u00e4nt\u00f6\u00f6npanokelvottomaksi tai p\u00e4tem\u00e4tt\u00f6m\u00e4ksi jonkin sovellettavan lain nojalla, t\u00e4llainen t\u00e4yt\u00e4nt\u00f6\u00f6npanokelvottomuus tai p\u00e4tem\u00e4tt\u00f6myys ei tee n\u00e4ist\u00e4 ehdoista t\u00e4yt\u00e4nt\u00f6\u00f6npanokelvottomia tai p\u00e4tem\u00e4tt\u00f6mi\u00e4 kokonaisuutena, ja t\u00e4llaiset m\u00e4\u00e4r\u00e4ykset poistetaan vaikuttamatta niiden muihin m\u00e4\u00e4r\u00e4yksiin.<\/p>\n\n\n\n<h2 class=\"wp-block-heading\">8. Ehtojen muuttaminen<\/h2>\n\n\n\n<p>Nolimit City Slots Reviews voi tarkistaa n\u00e4it\u00e4 ehtoja milloin tahansa sopivaksi katsomallaan tavalla, ja k\u00e4ytt\u00e4m\u00e4ll\u00e4 t\u00e4t\u00e4 verkkosivustoa sinun odotetaan tarkistavan n\u00e4m\u00e4 ehdot s\u00e4\u00e4nn\u00f6llisesti varmistaaksesi, ett\u00e4 ymm\u00e4rr\u00e4t kaikki t\u00e4m\u00e4n verkkosivuston k\u00e4ytt\u00f6\u00e4 koskevat ehdot.<\/p>\n\n\n\n<h2 class=\"wp-block-heading\">9. Toimeksianto<\/h2>\n\n\n\n<p>Nolimit City Slots Reviews voi siirt\u00e4\u00e4, siirt\u00e4\u00e4 ja alihankkia n\u00e4iden ehtojen mukaisia oikeuksiaan ja\/tai velvollisuuksiaan ilman mink\u00e4\u00e4nlaista ilmoitusta. Sinulla ei kuitenkaan ole oikeutta luovuttaa, siirt\u00e4\u00e4 tai alihankkia mit\u00e4\u00e4n n\u00e4iden ehtojen mukaisia oikeuksiasi ja\/tai velvollisuuksiasi.<\/p>\n\n\n\n<h2 class=\"wp-block-heading\">10. Koko sopimus<\/h2>\n\n\n\n<p>N\u00e4m\u00e4 ehdot, mukaan lukien kaikki t\u00e4ll\u00e4 verkkosivustolla olevat oikeudelliset ilmoitukset ja vastuuvapauslausekkeet, muodostavat koko sopimuksen Nolimit City Slots Reviewsin ja sinun v\u00e4lill\u00e4 t\u00e4m\u00e4n verkkosivuston k\u00e4yt\u00f6st\u00e4si, ja korvaavat kaikki aiemmat sopimukset ja ymm\u00e4rrykset samasta asiasta.<\/p>\n\n\n\n<h2 class=\"wp-block-heading\">Sovellettava laki ja toimivalta<\/h2>\n\n\n\n<p>N\u00e4ihin ehtoihin sovelletaan ja niit\u00e4 tulkitaan sen laink\u00e4ytt\u00f6alueen lakien mukaisesti, jossa verkkosivuston yll\u00e4pit\u00e4j\u00e4 sijaitsee, ja sin\u00e4 alistut kyseisen laink\u00e4ytt\u00f6alueen osavaltion ja liittovaltion tuomioistuinten ei-yksinomaiseen toimivaltaan riitojen ratkaisemiseksi.<\/p>","protected":false},"excerpt":{"rendered":"<p>Viimeksi p\u00e4ivitetty: Nolimit City Slots Reviews, joka on saatavilla osoitteessa https:\/\/www.no-limit-city.com\/ (\"Sivusto\"). N\u00e4iss\u00e4 ehdoissa esitet\u00e4\u00e4n Sivuston k\u00e4ytt\u00f6\u00e4 koskevat s\u00e4\u00e4nn\u00f6t ja m\u00e4\u00e4r\u00e4ykset. K\u00e4ytt\u00e4m\u00e4ll\u00e4 t\u00e4t\u00e4 sivustoa oletamme, ett\u00e4 hyv\u00e4ksyt n\u00e4m\u00e4 ehdot kokonaisuudessaan. \u00c4l\u00e4 jatka Nolimit City Slots Reviewsin k\u00e4ytt\u00f6\u00e4, jos et [...]<\/p>","protected":false},"author":1,"featured_media":0,"parent":0,"menu_order":0,"comment_status":"closed","ping_status":"closed","template":"page-no-sidebar.php","meta":{"footnotes":""},"class_list":["post-265","page","type-page","status-publish","hentry"],"acf":[],"_links":{"self":[{"href":"https:\/\/www.no-limit-city.com\/fi\/wp-json\/wp\/v2\/pages\/265","targetHints":{"allow":["GET"]}}],"collection":[{"href":"https:\/\/www.no-limit-city.com\/fi\/wp-json\/wp\/v2\/pages"}],"about":[{"href":"https:\/\/www.no-limit-city.com\/fi\/wp-json\/wp\/v2\/types\/page"}],"author":[{"embeddable":true,"href":"https:\/\/www.no-limit-city.com\/fi\/wp-json\/wp\/v2\/users\/1"}],"replies":[{"embeddable":true,"href":"https:\/\/www.no-limit-city.com\/fi\/wp-json\/wp\/v2\/comments?post=265"}],"version-history":[{"count":0,"href":"https:\/\/www.no-limit-city.com\/fi\/wp-json\/wp\/v2\/pages\/265\/revisions"}],"wp:attachment":[{"href":"https:\/\/www.no-limit-city.com\/fi\/wp-json\/wp\/v2\/media?parent=265"}],"curies":[{"name":"wp","href":"https:\/\/api.w.org\/{rel}","templated":true}]}}