{"id":1177,"date":"2024-03-03T20:15:21","date_gmt":"2024-03-03T17:15:21","guid":{"rendered":"https:\/\/www.no-limit-city.com\/?page_id=1177"},"modified":"2025-05-01T14:25:11","modified_gmt":"2025-05-01T11:25:11","slug":"cookie-policy","status":"publish","type":"page","link":"https:\/\/www.no-limit-city.com\/fr\/cookie-policy\/","title":{"rendered":"Politique en mati\u00e8re de cookies"},"content":{"rendered":"<p><strong>Derni\u00e8re mise \u00e0 jour : 03.03.2024<\/strong><\/p>\n\n\n\n<p>Bienvenue sur Nolimit City Slots Reviews, accessible \u00e0 l'adresse suivante <a href=\"https:\/\/www.no-limit-city.com\/fr\/\">https:\/\/www.no-limit-city.com\/<\/a> (\"Site\"). La pr\u00e9sente politique en mati\u00e8re de cookies explique comment nous utilisons des cookies et des technologies similaires pour vous reconna\u00eetre lorsque vous visitez notre site. Elle explique ce que sont ces technologies et pourquoi nous les utilisons, ainsi que les droits dont vous disposez pour contr\u00f4ler l'utilisation que nous en faisons.<\/p>\n\n\n\n<h2 class=\"wp-block-heading\">1. Qu'est-ce qu'un cookie ?<\/h2>\n\n\n\n<p>Les cookies sont de petits fichiers de donn\u00e9es qui sont plac\u00e9s sur votre ordinateur ou votre appareil mobile lorsque vous visitez un site web. Les cookies sont largement utilis\u00e9s par les propri\u00e9taires de sites web pour faire fonctionner leurs sites, ou les faire fonctionner plus efficacement, ainsi que pour fournir des informations de rapport.<\/p>\n\n\n\n<p>Les cookies mis en place par le propri\u00e9taire du site web (dans ce cas, Nolimit City Slots Reviews) sont appel\u00e9s \"cookies de premi\u00e8re partie\". Les cookies mis en place par des parties autres que le propri\u00e9taire du site web sont appel\u00e9s \"cookies de tierce partie\". Les cookies de tiers permettent de fournir des caract\u00e9ristiques ou des fonctionnalit\u00e9s de tiers sur ou via le site web (par exemple, la publicit\u00e9, le contenu interactif et l'analyse). Les parties qui d\u00e9finissent ces cookies de tiers peuvent reconna\u00eetre votre ordinateur lorsqu'il visite le site web en question et \u00e9galement lorsqu'il visite certains autres sites web.<\/p>\n\n\n\n<h2 class=\"wp-block-heading\">2. Pourquoi utilisons-nous des cookies ?<\/h2>\n\n\n\n<p>Nous utilisons des cookies de premi\u00e8re et de tierce parties pour plusieurs raisons. Certains cookies sont n\u00e9cessaires pour des raisons techniques afin que notre site fonctionne, et nous les appelons cookies \"essentiels\" ou \"strictement n\u00e9cessaires\". D'autres cookies nous permettent \u00e9galement de suivre et de cibler les int\u00e9r\u00eats de nos utilisateurs afin d'am\u00e9liorer leur exp\u00e9rience sur notre site. Des tiers utilisent des cookies sur notre site \u00e0 des fins publicitaires, analytiques et autres. Ceci est d\u00e9crit plus en d\u00e9tail ci-dessous.<\/p>\n\n\n\n<h2 class=\"wp-block-heading\">3. Comment puis-je contr\u00f4ler les cookies ?<\/h2>\n\n\n\n<p>Vous avez le droit d'accepter ou de refuser les cookies. Vous pouvez exercer vos droits en mati\u00e8re de cookies en d\u00e9finissant vos pr\u00e9f\u00e9rences dans le gestionnaire de consentement aux cookies. Le gestionnaire de consentement aux cookies vous permet de s\u00e9lectionner les cat\u00e9gories de cookies que vous acceptez ou refusez. Les cookies essentiels ne peuvent pas \u00eatre rejet\u00e9s car ils sont strictement n\u00e9cessaires pour vous fournir des services.<\/p>\n\n\n\n<p>Les types sp\u00e9cifiques de cookies de premi\u00e8re et de tierce partie utilis\u00e9s sur notre site et les objectifs qu'ils poursuivent sont d\u00e9crits dans le tableau ci-dessous :<\/p>\n\n\n\n<ul class=\"wp-block-list\">\n<li><strong>Cookies essentiels pour le site web :<\/strong> Ces cookies sont strictement n\u00e9cessaires pour vous fournir les services disponibles sur notre site et pour utiliser certaines de ses fonctionnalit\u00e9s, telles que l'acc\u00e8s \u00e0 des zones s\u00e9curis\u00e9es.<\/li>\n\n\n\n<li><strong>Cookies d'analyse et de personnalisation :<\/strong> Ces cookies collectent des informations qui sont utilis\u00e9es soit sous forme agr\u00e9g\u00e9e pour nous aider \u00e0 comprendre comment notre site web est utilis\u00e9 ou quelle est l'efficacit\u00e9 de nos campagnes de marketing, soit pour nous aider \u00e0 personnaliser notre site web pour vous.<\/li>\n\n\n\n<li><strong>Cookies publicitaires :<\/strong> Ces cookies sont utilis\u00e9s pour rendre les messages publicitaires plus pertinents pour vous. Ils remplissent des fonctions telles que la pr\u00e9vention de la r\u00e9apparition continue de la m\u00eame publicit\u00e9, la garantie que les publicit\u00e9s sont correctement affich\u00e9es pour les annonceurs et, dans certains cas, la s\u00e9lection de publicit\u00e9s bas\u00e9es sur vos centres d'int\u00e9r\u00eat.<\/li>\n<\/ul>\n\n\n\n<h2 class=\"wp-block-heading\">4. \u00c0 quelle fr\u00e9quence mettrez-vous \u00e0 jour cette politique en mati\u00e8re de cookies ?<\/h2>\n\n\n\n<p>Nous pouvons mettre \u00e0 jour la pr\u00e9sente politique en mati\u00e8re de cookies de temps \u00e0 autre afin de refl\u00e9ter, par exemple, les changements apport\u00e9s aux cookies que nous utilisons ou pour d'autres raisons op\u00e9rationnelles, juridiques ou r\u00e9glementaires. Nous vous invitons donc \u00e0 consulter r\u00e9guli\u00e8rement la pr\u00e9sente politique en mati\u00e8re de cookies pour vous tenir inform\u00e9s de notre utilisation des cookies et des technologies connexes.<\/p>\n\n\n\n<h2 class=\"wp-block-heading\">5. O\u00f9 puis-je obtenir des informations compl\u00e9mentaires ?<\/h2>\n\n\n\n<p>Si vous avez des questions sur notre utilisation des cookies ou d'autres technologies, veuillez nous envoyer un courrier \u00e9lectronique \u00e0 l'adresse suivante <a href=\"mailto:info@no-limit-city.com\">info@no-limit-city.com<\/a>.<\/p>","protected":false},"excerpt":{"rendered":"<p>Last Updated: 03.03.2024 Welcome to Nolimit City Slots Reviews, accessible at https:\/\/www.no-limit-city.com\/ (&#8220;Site&#8221;). This Cookie Policy explains how we use cookies and similar technologies to recognize you when you visit our Site. It explains what these technologies are and why we use them, as well as your rights to control our use of them. 1. [&hellip;]<\/p>","protected":false},"author":1,"featured_media":0,"parent":0,"menu_order":0,"comment_status":"closed","ping_status":"closed","template":"","meta":{"footnotes":""},"class_list":["post-1177","page","type-page","status-publish","hentry"],"acf":[],"_links":{"self":[{"href":"https:\/\/www.no-limit-city.com\/fr\/wp-json\/wp\/v2\/pages\/1177","targetHints":{"allow":["GET"]}}],"collection":[{"href":"https:\/\/www.no-limit-city.com\/fr\/wp-json\/wp\/v2\/pages"}],"about":[{"href":"https:\/\/www.no-limit-city.com\/fr\/wp-json\/wp\/v2\/types\/page"}],"author":[{"embeddable":true,"href":"https:\/\/www.no-limit-city.com\/fr\/wp-json\/wp\/v2\/users\/1"}],"replies":[{"embeddable":true,"href":"https:\/\/www.no-limit-city.com\/fr\/wp-json\/wp\/v2\/comments?post=1177"}],"version-history":[{"count":0,"href":"https:\/\/www.no-limit-city.com\/fr\/wp-json\/wp\/v2\/pages\/1177\/revisions"}],"wp:attachment":[{"href":"https:\/\/www.no-limit-city.com\/fr\/wp-json\/wp\/v2\/media?parent=1177"}],"curies":[{"name":"wp","href":"https:\/\/api.w.org\/{rel}","templated":true}]}}