{"id":1213,"date":"2024-03-03T20:50:13","date_gmt":"2024-03-03T17:50:13","guid":{"rendered":"https:\/\/www.no-limit-city.com\/?page_id=1213"},"modified":"2025-05-30T13:01:13","modified_gmt":"2025-05-30T10:01:13","slug":"contacts","status":"publish","type":"page","link":"https:\/\/www.no-limit-city.com\/fr\/contacts\/","title":{"rendered":"Contacts"},"content":{"rendered":"<p>Nous sommes ravis que vous soyez ici ! Que vous soyez un fan inconditionnel de Nolimit City, un joueur occasionnel \u00e0 la recherche d'un nouveau frisson, ou simplement curieux de savoir ce qui rend les jeux de Nolimit City si uniques, nous sommes l\u00e0 pour vous aider et vous faire participer.<\/p>\n\n\n\n<h2 class=\"wp-block-heading\"><strong>Prendre contact<\/strong><\/h2>\n\n\n\n<p>Vous avez des questions, des suggestions ou vous voulez partager vos histoires de victoires \u00e9piques ? Nous serions ravis de vous entendre ! Voici comment nous contacter :<\/p>\n\n\n\n<ul class=\"wp-block-list\">\n<li><strong>Courriel :<\/strong> Pour toute question, commentaire ou simplement pour nous saluer, envoyez-nous un courriel \u00e0 l'adresse suivante <a href=\"mailto:info@no-limit-city.com\">info@no-limit-city.com<\/a>. Nous nous effor\u00e7ons de r\u00e9pondre \u00e0 tous les courriels dans les 48 heures.<\/li>\n\n\n\n<li><strong>Forums communautaires :<\/strong> Visitez nos forums pour discuter de vos jeux pr\u00e9f\u00e9r\u00e9s, de vos strat\u00e9gies et de vos exp\u00e9riences avec d'autres fans. C'est l'endroit id\u00e9al pour rencontrer d'autres passionn\u00e9s et partager des conseils et des astuces. Rejoignez le forum.<\/li>\n<\/ul>\n\n\n\n<h2 class=\"wp-block-heading\"><strong>Demandes de renseignements des m\u00e9dias et des partenaires<\/strong><\/h2>\n\n\n\n<p>Pour toute question relative \u00e0 la presse ou aux m\u00e9dias, ou si vous \u00eates int\u00e9ress\u00e9 par un partenariat avec nous, veuillez contacter notre \u00e9quipe m\u00e9dias \u00e0 l'adresse suivante <a href=\"mailto:info@no-limit-city.com\">info@no-limit-city.com<\/a>.<\/p>\n\n\n\n<h2 class=\"wp-block-heading\"><strong>Retour d'information<\/strong><\/h2>\n\n\n\n<p>Votre avis nous est pr\u00e9cieux. Si vous avez des id\u00e9es sur la mani\u00e8re dont nous pouvons nous am\u00e9liorer ou si vous souhaitez sugg\u00e9rer un nouveau contenu, n'h\u00e9sitez pas \u00e0 nous contacter. Nous cherchons constamment \u00e0 am\u00e9liorer notre site et l'exp\u00e9rience de notre communaut\u00e9.<\/p>\n\n\n\n<h2 class=\"wp-block-heading\"><strong>Avis de non-responsabilit\u00e9<\/strong><\/h2>\n\n\n\n<p>Veuillez noter qu'il s'agit d'un site g\u00e9r\u00e9 par des fans et qu'il n'est pas officiellement affili\u00e9 \u00e0 Nolimit City. Pour une assistance officielle ou des questions directement li\u00e9es \u00e0 Nolimit City et \u00e0 ses jeux, veuillez consulter le site suivant <a href=\"http:\/\/nolimitcity.com\/\" rel=\"nofollow noopener\" target=\"_blank\">Site officiel de la ville de Nolimit<\/a>.<\/p>\n\n\n\n<p>Merci de faire partie de notre communaut\u00e9. Nous sommes impatients d'avoir de vos nouvelles !<\/p>","protected":false},"excerpt":{"rendered":"<p>Nous sommes ravis que vous soyez ici ! Que vous soyez un fan inconditionnel de Nolimit City, un joueur occasionnel \u00e0 la recherche du prochain frisson, ou simplement curieux de savoir ce qui rend les jeux de Nolimit City si uniques, nous sommes l\u00e0 pour vous aider et vous faire participer. Prenez contact Vous avez des questions, des suggestions, ou vous voulez partager vos histoires de victoires \u00e9piques ? Nous serions ravis d'avoir de vos nouvelles [...]<\/p>","protected":false},"author":1,"featured_media":0,"parent":0,"menu_order":0,"comment_status":"closed","ping_status":"closed","template":"","meta":{"footnotes":""},"class_list":["post-1213","page","type-page","status-publish","hentry"],"acf":[],"_links":{"self":[{"href":"https:\/\/www.no-limit-city.com\/fr\/wp-json\/wp\/v2\/pages\/1213","targetHints":{"allow":["GET"]}}],"collection":[{"href":"https:\/\/www.no-limit-city.com\/fr\/wp-json\/wp\/v2\/pages"}],"about":[{"href":"https:\/\/www.no-limit-city.com\/fr\/wp-json\/wp\/v2\/types\/page"}],"author":[{"embeddable":true,"href":"https:\/\/www.no-limit-city.com\/fr\/wp-json\/wp\/v2\/users\/1"}],"replies":[{"embeddable":true,"href":"https:\/\/www.no-limit-city.com\/fr\/wp-json\/wp\/v2\/comments?post=1213"}],"version-history":[{"count":0,"href":"https:\/\/www.no-limit-city.com\/fr\/wp-json\/wp\/v2\/pages\/1213\/revisions"}],"wp:attachment":[{"href":"https:\/\/www.no-limit-city.com\/fr\/wp-json\/wp\/v2\/media?parent=1213"}],"curies":[{"name":"wp","href":"https:\/\/api.w.org\/{rel}","templated":true}]}}