{"id":263,"date":"2024-03-11T17:52:30","date_gmt":"2024-03-11T14:52:30","guid":{"rendered":"https:\/\/export.mercurytheme.com\/001\/?page_id=263"},"modified":"2024-03-15T12:52:22","modified_gmt":"2024-03-15T09:52:22","slug":"privacy-policy","status":"publish","type":"page","link":"https:\/\/www.no-limit-city.com\/fr\/privacy-policy\/","title":{"rendered":"Politique de confidentialit\u00e9"},"content":{"rendered":"<p><strong>Derni\u00e8re mise \u00e0 jour : 03.03.2024<\/strong><\/p>\n\n\n\n<p>La pr\u00e9sente politique de confidentialit\u00e9 s'applique au site web situ\u00e9 \u00e0 l'adresse suivante <a href=\"https:\/\/www.no-limit-city.com\/fr\/\">https:\/\/www.no-limit-city.com\/<\/a> (ci-apr\u00e8s \"nous\", \"notre\", \"nos\", \"Nolimit City Slots Reviews\", ou \"Site\"). Elle d\u00e9crit la mani\u00e8re dont nous recueillons, utilisons et partageons les informations vous concernant par l'interm\u00e9diaire de nos interfaces en ligne que nous poss\u00e9dons et contr\u00f4lons, notamment <a href=\"https:\/\/www.no-limit-city.com\/fr\/\">https:\/\/www.no-limit-city.com\/<\/a>.<\/p>\n\n\n\n<h2 class=\"wp-block-heading\">Collecte d'informations<\/h2>\n\n\n\n<h3 class=\"wp-block-heading\">Informations que vous nous fournissez<\/h3>\n\n\n\n<p>Nous recueillons les informations que vous nous fournissez directement. Il peut s'agir de :<\/p>\n\n\n\n<ul class=\"wp-block-list\">\n<li>Des donn\u00e9es personnelles lorsque vous soumettez des formulaires ou que vous cr\u00e9ez un compte sur notre site, telles que votre nom, votre adresse \u00e9lectronique, votre adresse postale, votre num\u00e9ro de t\u00e9l\u00e9phone et d'autres informations pertinentes.<\/li>\n\n\n\n<li>Les informations transactionnelles, y compris les d\u00e9tails des paiements effectu\u00e9s en votre faveur ou par vous et d'autres d\u00e9tails sur les produits et services que vous avez achet\u00e9s chez nous.<\/li>\n\n\n\n<li>Les commentaires et la correspondance, tels que les informations que vous fournissez lorsque vous r\u00e9pondez \u00e0 des enqu\u00eates, participez \u00e0 des activit\u00e9s d'\u00e9tude de march\u00e9, signalez un probl\u00e8me avec notre site ou b\u00e9n\u00e9ficiez d'un service d'assistance \u00e0 la client\u00e8le.<\/li>\n<\/ul>\n\n\n\n<h3 class=\"wp-block-heading\">Informations collect\u00e9es automatiquement<\/h3>\n\n\n\n<p>Lorsque vous acc\u00e9dez \u00e0 notre site ou que vous l'utilisez, nous pouvons collecter automatiquement des informations vous concernant, notamment :<\/p>\n\n\n\n<ul class=\"wp-block-list\">\n<li>Informations sur les journaux : D\u00e9tails de vos visites sur notre site, y compris les donn\u00e9es de trafic, les donn\u00e9es de localisation, les journaux et autres donn\u00e9es de communication et les ressources auxquelles vous acc\u00e9dez et que vous utilisez sur le site.<\/li>\n\n\n\n<li>Informations sur l'appareil : Informations sur votre ordinateur, votre appareil mobile et votre connexion Internet, y compris l'identifiant unique de l'appareil, l'adresse IP, le syst\u00e8me d'exploitation, le type de navigateur, les informations sur le r\u00e9seau mobile et le num\u00e9ro de t\u00e9l\u00e9phone de l'appareil.<\/li>\n\n\n\n<li>D\u00e9tails d'utilisation : D\u00e9tails de votre utilisation de notre site, y compris les donn\u00e9es de trafic, les donn\u00e9es de localisation, les journaux et autres donn\u00e9es de communication et les ressources auxquelles vous acc\u00e9dez et que vous utilisez sur le site.<\/li>\n<\/ul>\n\n\n\n<h3 class=\"wp-block-heading\">Cookies et technologies similaires<\/h3>\n\n\n\n<p>Nous utilisons des cookies et des technologies de suivi similaires pour suivre l'activit\u00e9 sur notre site et conserver certaines informations. Les cookies sont des fichiers contenant une petite quantit\u00e9 de donn\u00e9es qui peuvent inclure un identifiant unique anonyme. Vous avez la possibilit\u00e9 d'accepter ou de refuser ces cookies et de savoir quand un cookie est envoy\u00e9 \u00e0 votre ordinateur. Si vous choisissez de refuser nos cookies, il se peut que vous ne puissiez pas utiliser certaines parties de notre service.<\/p>\n\n\n\n<h2 class=\"wp-block-heading\">Utilisation des informations<\/h2>\n\n\n\n<p>Nous utilisons les informations collect\u00e9es \u00e0 votre sujet ou fournies par vous, y compris toute information personnelle :<\/p>\n\n\n\n<ul class=\"wp-block-list\">\n<li>vous pr\u00e9senter notre site et son contenu.<\/li>\n\n\n\n<li>Pour vous fournir les informations, les produits ou les services que vous nous demandez.<\/li>\n\n\n\n<li>\u00e0 toute autre fin pour laquelle vous les avez fournies.<\/li>\n\n\n\n<li>pour remplir nos obligations et faire valoir nos droits d\u00e9coulant de tout contrat conclu entre vous et nous, y compris pour la facturation et le recouvrement.<\/li>\n\n\n\n<li>Pour vous informer des modifications apport\u00e9es \u00e0 notre site ou \u00e0 tout produit ou service que nous offrons ou fournissons par son interm\u00e9diaire.<\/li>\n\n\n\n<li>Pour vous permettre de participer \u00e0 des fonctions interactives sur notre site.<\/li>\n<\/ul>\n\n\n\n<h2 class=\"wp-block-heading\">Partage d'informations<\/h2>\n\n\n\n<p>Nous pouvons divulguer sans restriction des informations agr\u00e9g\u00e9es sur nos utilisateurs, ainsi que des informations qui ne permettent pas d'identifier un individu. Nous pouvons divulguer les informations personnelles que nous recueillons ou que vous nous fournissez :<\/p>\n\n\n\n<ul class=\"wp-block-list\">\n<li>\u00e0 nos filiales et soci\u00e9t\u00e9s affili\u00e9es.<\/li>\n\n\n\n<li>aux contractants, prestataires de services et autres tiers auxquels nous faisons appel pour soutenir nos activit\u00e9s.<\/li>\n\n\n\n<li>Pour atteindre l'objectif pour lequel vous les avez fournies.<\/li>\n\n\n\n<li>Pour toute autre raison divulgu\u00e9e par nous lorsque vous fournissez les informations.<\/li>\n\n\n\n<li>Avec votre consentement.<\/li>\n<\/ul>\n\n\n\n<h2 class=\"wp-block-heading\">S\u00e9curit\u00e9 de vos informations<\/h2>\n\n\n\n<p>Nous avons mis en \u0153uvre des mesures destin\u00e9es \u00e0 prot\u00e9ger vos informations personnelles contre la perte accidentelle et contre l'acc\u00e8s, l'utilisation, la modification et la divulgation non autoris\u00e9s. Malheureusement, la transmission d'informations via l'internet n'est pas totalement s\u00fbre. Bien que nous fassions de notre mieux pour prot\u00e9ger vos informations personnelles, nous ne pouvons pas garantir la s\u00e9curit\u00e9 de vos informations personnelles transmises \u00e0 notre site. Toute transmission d'informations personnelles se fait \u00e0 vos propres risques.<\/p>\n\n\n\n<h2 class=\"wp-block-heading\">Modifications de notre politique de confidentialit\u00e9<\/h2>\n\n\n\n<p>Nous pouvons mettre \u00e0 jour notre politique de confidentialit\u00e9 de temps \u00e0 autre. Nous vous informerons de toute modification en publiant la nouvelle politique de confidentialit\u00e9 sur cette page. Nous vous conseillons de consulter r\u00e9guli\u00e8rement cette politique de confidentialit\u00e9 pour prendre connaissance des \u00e9ventuelles modifications.<\/p>\n\n\n\n<h2 class=\"wp-block-heading\">Informations sur le contact<\/h2>\n\n\n\n<p>Pour poser des questions ou faire des commentaires sur la pr\u00e9sente politique de confidentialit\u00e9 et sur nos pratiques en mati\u00e8re de protection de la vie priv\u00e9e, contactez-nous \u00e0 l'adresse suivante <a href=\"mailto:info@no-limit-city.com\">info@no-limit-city.com<\/a>.<\/p>","protected":false},"excerpt":{"rendered":"<p>Derni\u00e8re mise \u00e0 jour : 03.03.2024 La pr\u00e9sente politique de confidentialit\u00e9 s'applique au site web situ\u00e9 \u00e0 l'adresse https:\/\/www.no-limit-city.com\/ (ci-apr\u00e8s \"nous\", \"notre\", \"nos\", \"Nolimit City Slots Reviews\", ou \"Site\"). Elle d\u00e9crit la mani\u00e8re dont nous recueillons, utilisons et partageons les informations vous concernant par le biais de nos interfaces en ligne d\u00e9tenues et contr\u00f4l\u00e9es par nous, y compris https:\/\/www.no-limit-city.com\/. Collecte d'informations Informations que vous nous fournissez Nous collectons [...]<\/p>","protected":false},"author":1,"featured_media":0,"parent":0,"menu_order":0,"comment_status":"closed","ping_status":"closed","template":"","meta":{"footnotes":""},"class_list":["post-263","page","type-page","status-publish","hentry"],"acf":[],"_links":{"self":[{"href":"https:\/\/www.no-limit-city.com\/fr\/wp-json\/wp\/v2\/pages\/263","targetHints":{"allow":["GET"]}}],"collection":[{"href":"https:\/\/www.no-limit-city.com\/fr\/wp-json\/wp\/v2\/pages"}],"about":[{"href":"https:\/\/www.no-limit-city.com\/fr\/wp-json\/wp\/v2\/types\/page"}],"author":[{"embeddable":true,"href":"https:\/\/www.no-limit-city.com\/fr\/wp-json\/wp\/v2\/users\/1"}],"replies":[{"embeddable":true,"href":"https:\/\/www.no-limit-city.com\/fr\/wp-json\/wp\/v2\/comments?post=263"}],"version-history":[{"count":0,"href":"https:\/\/www.no-limit-city.com\/fr\/wp-json\/wp\/v2\/pages\/263\/revisions"}],"wp:attachment":[{"href":"https:\/\/www.no-limit-city.com\/fr\/wp-json\/wp\/v2\/media?parent=263"}],"curies":[{"name":"wp","href":"https:\/\/api.w.org\/{rel}","templated":true}]}}