{"id":265,"date":"2024-03-11T17:52:34","date_gmt":"2024-03-11T14:52:34","guid":{"rendered":"https:\/\/export.mercurytheme.com\/001\/?page_id=265"},"modified":"2025-05-01T14:25:06","modified_gmt":"2025-05-01T11:25:06","slug":"terms-and-conditions","status":"publish","type":"page","link":"https:\/\/www.no-limit-city.com\/fr\/terms-and-conditions\/","title":{"rendered":"Conditions g\u00e9n\u00e9rales d'utilisation"},"content":{"rendered":"<p><strong>Derni\u00e8re mise \u00e0 jour : 03.03.2024<\/strong><\/p>\n\n\n\n<p>Bienvenue sur Nolimit City Slots Reviews, accessible \u00e0 l'adresse suivante <a href=\"https:\/\/www.no-limit-city.com\/fr\/\">https:\/\/www.no-limit-city.com\/<\/a> (\"Site\"). Les pr\u00e9sentes conditions g\u00e9n\u00e9rales d\u00e9finissent les r\u00e8gles d'utilisation de notre site.<\/p>\n\n\n\n<p>En acc\u00e9dant \u00e0 ce site web, nous supposons que vous acceptez ces termes et conditions dans leur int\u00e9gralit\u00e9. Ne continuez pas \u00e0 utiliser Nolimit City Slots Reviews si vous n'acceptez pas tous les termes et conditions \u00e9nonc\u00e9s sur cette page.<\/p>\n\n\n\n<h2 class=\"wp-block-heading\">1. Droits de propri\u00e9t\u00e9 intellectuelle<\/h2>\n\n\n\n<p>A l'exception du contenu que vous poss\u00e9dez et que vous avez choisi d'inclure sur ce site, Nolimit City Slots Reviews et\/ou ses conc\u00e9dants de licence d\u00e9tiennent tous les droits sur la propri\u00e9t\u00e9 intellectuelle et le mat\u00e9riel contenus dans ce site, et tous ces droits sont r\u00e9serv\u00e9s.<\/p>\n\n\n\n<p>Une licence limit\u00e9e vous est accord\u00e9e, sous r\u00e9serve des restrictions pr\u00e9vues dans les pr\u00e9sentes conditions, afin de vous permettre de consulter le mat\u00e9riel contenu sur ce site web.<\/p>\n\n\n\n<h2 class=\"wp-block-heading\">2. Restrictions<\/h2>\n\n\n\n<p>Il vous est express\u00e9ment interdit de proc\u00e9der aux op\u00e9rations suivantes :<\/p>\n\n\n\n<ul class=\"wp-block-list\">\n<li>Publier tout mat\u00e9riel du site web dans n'importe quel m\u00e9dia sans autorisation \u00e9crite pr\u00e9alable.<\/li>\n\n\n\n<li>Vendre, conc\u00e9der des sous-licences et\/ou commercialiser de quelque mani\u00e8re que ce soit le mat\u00e9riel du site web.<\/li>\n\n\n\n<li>Ex\u00e9cuter et\/ou montrer publiquement tout mat\u00e9riel du site web.<\/li>\n\n\n\n<li>L'utilisation de ce site web d'une mani\u00e8re qui soit ou puisse \u00eatre pr\u00e9judiciable \u00e0 ce site web.<\/li>\n\n\n\n<li>L'utilisation de ce site web d'une mani\u00e8re qui affecte l'acc\u00e8s des utilisateurs \u00e0 ce site web.<\/li>\n\n\n\n<li>L'utilisation de ce site web en violation des lois et r\u00e8glements applicables, ou d'une mani\u00e8re qui cause, ou pourrait causer, un pr\u00e9judice au site web, ou \u00e0 toute personne ou entit\u00e9 commerciale.<\/li>\n<\/ul>\n\n\n\n<h2 class=\"wp-block-heading\">3. Contenu de l'utilisateur<\/h2>\n\n\n\n<p>Dans les pr\u00e9sentes conditions g\u00e9n\u00e9rales, \"votre contenu utilisateur\" d\u00e9signe le mat\u00e9riel (y compris, mais sans s'y limiter, les textes, les images, le mat\u00e9riel audio, le mat\u00e9riel vid\u00e9o et le mat\u00e9riel audiovisuel) que vous soumettez \u00e0 ce site web, \u00e0 quelque fin que ce soit.<\/p>\n\n\n\n<p>Vous accordez \u00e0 Nolimit City Slots Reviews une licence non exclusive, mondiale, irr\u00e9vocable, libre de droits et pouvant faire l'objet d'une sous-licence pour utiliser, reproduire, adapter, publier, traduire et distribuer votre contenu d'utilisateur dans tout m\u00e9dia existant ou futur. Vous accordez \u00e9galement \u00e0 Nolimit City Slots Reviews le droit de sous-licencier ces droits et le droit d'intenter une action pour violation de ces droits.<\/p>\n\n\n\n<h2 class=\"wp-block-heading\">4. Absence de garanties<\/h2>\n\n\n\n<p>Ce site web est fourni \"tel quel\", avec tous les d\u00e9fauts, et Nolimit City Slots Reviews ne fait aucune repr\u00e9sentation ou garantie expresse ou implicite, de quelque nature que ce soit, li\u00e9e \u00e0 ce site web ou au mat\u00e9riel contenu sur ce site web.<\/p>\n\n\n\n<h2 class=\"wp-block-heading\">5. Limitation de la responsabilit\u00e9<\/h2>\n\n\n\n<p>En aucun cas Nolimit City Slots Reviews, ni aucun de ses dirigeants, administrateurs et employ\u00e9s, ne sera responsable de quoi que ce soit d\u00e9coulant de ou li\u00e9 de quelque mani\u00e8re que ce soit \u00e0 votre utilisation de ce site Web, que cette responsabilit\u00e9 soit contractuelle, d\u00e9lictuelle ou autre, et Nolimit City Slots Reviews, y compris ses dirigeants, administrateurs et employ\u00e9s, ne sera pas responsable de toute responsabilit\u00e9 indirecte, cons\u00e9cutive ou sp\u00e9ciale d\u00e9coulant de ou li\u00e9e de quelque mani\u00e8re que ce soit \u00e0 votre utilisation de ce site Web.<\/p>\n\n\n\n<h2 class=\"wp-block-heading\">6. Indemnisation<\/h2>\n\n\n\n<p>Par la pr\u00e9sente, vous indemnisez Nolimit City Slots Reviews dans toute la mesure du possible pour toutes les responsabilit\u00e9s, co\u00fbts, demandes, causes d'action, dommages et d\u00e9penses (y compris les frais d'avocat raisonnables) d\u00e9coulant de ou li\u00e9s de quelque mani\u00e8re que ce soit \u00e0 votre violation de l'une des dispositions des pr\u00e9sentes conditions.<\/p>\n\n\n\n<h2 class=\"wp-block-heading\">7. Divisibilit\u00e9<\/h2>\n\n\n\n<p>Si l'une des dispositions des pr\u00e9sentes conditions est jug\u00e9e inapplicable ou invalide en vertu d'une loi applicable, cette inapplicabilit\u00e9 ou invalidit\u00e9 ne rendra pas les pr\u00e9sentes conditions inapplicables ou invalides dans leur ensemble, et ces dispositions seront supprim\u00e9es sans affecter les autres dispositions des pr\u00e9sentes.<\/p>\n\n\n\n<h2 class=\"wp-block-heading\">8. Modification des conditions<\/h2>\n\n\n\n<p>Nolimit City Slots Reviews est autoris\u00e9 \u00e0 r\u00e9viser ces conditions \u00e0 tout moment si elle le juge n\u00e9cessaire, et en utilisant ce site Web, vous \u00eates tenu de revoir ces conditions r\u00e9guli\u00e8rement pour vous assurer que vous comprenez tous les termes et conditions r\u00e9gissant l'utilisation de ce site Web.<\/p>\n\n\n\n<h2 class=\"wp-block-heading\">9. Affectation<\/h2>\n\n\n\n<p>Nolimit City Slots Reviews est autoris\u00e9 \u00e0 c\u00e9der, transf\u00e9rer et sous-traiter ses droits et\/ou obligations dans le cadre des pr\u00e9sentes conditions sans notification pr\u00e9alable. Cependant, vous n'\u00eates pas autoris\u00e9 \u00e0 c\u00e9der, transf\u00e9rer ou sous-traiter vos droits et\/ou obligations en vertu de ces conditions.<\/p>\n\n\n\n<h2 class=\"wp-block-heading\">10. Int\u00e9gralit\u00e9 de l'accord<\/h2>\n\n\n\n<p>Ces conditions, y compris les avis juridiques et les clauses de non-responsabilit\u00e9 contenus sur ce site, constituent l'int\u00e9gralit\u00e9 de l'accord entre Nolimit City Slots Reviews et vous en ce qui concerne l'utilisation de ce site, et remplacent tous les accords et ententes ant\u00e9rieurs \u00e0 cet \u00e9gard.<\/p>\n\n\n\n<h2 class=\"wp-block-heading\">Droit applicable et juridiction<\/h2>\n\n\n\n<p>Ces conditions seront r\u00e9gies et interpr\u00e9t\u00e9es conform\u00e9ment aux lois de la juridiction dans laquelle l'op\u00e9rateur du site web est bas\u00e9, et vous vous soumettez \u00e0 la juridiction non exclusive des tribunaux d'\u00c9tat et f\u00e9d\u00e9raux situ\u00e9s dans cette juridiction pour la r\u00e9solution de tout litige.<\/p>","protected":false},"excerpt":{"rendered":"<p>Derni\u00e8re mise \u00e0 jour : 03.03.2024 Bienvenue sur le site Nolimit City Slots Reviews, accessible \u00e0 l'adresse https:\/\/www.no-limit-city.com\/ (\"Site\"). Les pr\u00e9sentes conditions g\u00e9n\u00e9rales d\u00e9finissent les r\u00e8gles d'utilisation de notre site. En acc\u00e9dant \u00e0 ce site, nous supposons que vous acceptez ces termes et conditions dans leur int\u00e9gralit\u00e9. Ne continuez pas \u00e0 utiliser Nolimit City Slots Reviews si vous ne [...]<\/p>","protected":false},"author":1,"featured_media":0,"parent":0,"menu_order":0,"comment_status":"closed","ping_status":"closed","template":"page-no-sidebar.php","meta":{"footnotes":""},"class_list":["post-265","page","type-page","status-publish","hentry"],"acf":[],"_links":{"self":[{"href":"https:\/\/www.no-limit-city.com\/fr\/wp-json\/wp\/v2\/pages\/265","targetHints":{"allow":["GET"]}}],"collection":[{"href":"https:\/\/www.no-limit-city.com\/fr\/wp-json\/wp\/v2\/pages"}],"about":[{"href":"https:\/\/www.no-limit-city.com\/fr\/wp-json\/wp\/v2\/types\/page"}],"author":[{"embeddable":true,"href":"https:\/\/www.no-limit-city.com\/fr\/wp-json\/wp\/v2\/users\/1"}],"replies":[{"embeddable":true,"href":"https:\/\/www.no-limit-city.com\/fr\/wp-json\/wp\/v2\/comments?post=265"}],"version-history":[{"count":0,"href":"https:\/\/www.no-limit-city.com\/fr\/wp-json\/wp\/v2\/pages\/265\/revisions"}],"wp:attachment":[{"href":"https:\/\/www.no-limit-city.com\/fr\/wp-json\/wp\/v2\/media?parent=265"}],"curies":[{"name":"wp","href":"https:\/\/api.w.org\/{rel}","templated":true}]}}