{"id":1177,"date":"2024-03-03T20:15:21","date_gmt":"2024-03-03T17:15:21","guid":{"rendered":"https:\/\/www.no-limit-city.com\/?page_id=1177"},"modified":"2025-05-01T14:25:11","modified_gmt":"2025-05-01T11:25:11","slug":"cookie-policy","status":"publish","type":"page","link":"https:\/\/www.no-limit-city.com\/pt\/cookie-policy\/","title":{"rendered":"Pol\u00edtica de cookies"},"content":{"rendered":"<p><strong>\u00daltima atualiza\u00e7\u00e3o: 03.03.2024<\/strong><\/p>\n\n\n\n<p>Bem-vindo ao Nolimit City Slots Reviews, acess\u00edvel em <a href=\"https:\/\/www.no-limit-city.com\/pt\/\">https:\/\/www.no-limit-city.com\/<\/a> (\"Site\"). Esta Pol\u00edtica de Cookies explica como usamos cookies e tecnologias semelhantes para reconhec\u00ea-lo quando voc\u00ea visita nosso Site. Ela explica o que s\u00e3o essas tecnologias e por que as usamos, bem como seus direitos de controlar o uso que fazemos delas.<\/p>\n\n\n\n<h2 class=\"wp-block-heading\">1. O que s\u00e3o cookies?<\/h2>\n\n\n\n<p>Cookies s\u00e3o pequenos arquivos de dados que s\u00e3o colocados em seu computador ou dispositivo m\u00f3vel quando voc\u00ea visita um site. Os cookies s\u00e3o amplamente usados pelos propriet\u00e1rios de sites para fazer com que seus sites funcionem ou funcionem com mais efici\u00eancia, bem como para fornecer informa\u00e7\u00f5es de relat\u00f3rios.<\/p>\n\n\n\n<p>Os cookies definidos pelo propriet\u00e1rio do site (neste caso, Nolimit City Slots Reviews) s\u00e3o chamados de \"cookies prim\u00e1rios\". Os cookies definidos por outras partes que n\u00e3o o propriet\u00e1rio do site s\u00e3o chamados de \"cookies de terceiros\". Os cookies de terceiros permitem que recursos ou funcionalidades de terceiros sejam fornecidos no site ou por meio dele (por exemplo, publicidade, conte\u00fado interativo e an\u00e1lises). As partes que definem esses cookies de terceiros podem reconhecer seu computador quando ele visita o site em quest\u00e3o e tamb\u00e9m quando visita outros sites.<\/p>\n\n\n\n<h2 class=\"wp-block-heading\">2. Por que usamos cookies?<\/h2>\n\n\n\n<p>Usamos cookies pr\u00f3prios e de terceiros por v\u00e1rios motivos. Alguns cookies s\u00e3o necess\u00e1rios por motivos t\u00e9cnicos para que nosso Site funcione, e nos referimos a eles como cookies \"essenciais\" ou \"estritamente necess\u00e1rios\". Outros cookies tamb\u00e9m nos permitem rastrear e direcionar os interesses de nossos usu\u00e1rios para aprimorar a experi\u00eancia em nosso Site. Terceiros utilizam cookies em nosso Site para fins de publicidade, an\u00e1lise e outros. Isso \u00e9 descrito em mais detalhes abaixo.<\/p>\n\n\n\n<h2 class=\"wp-block-heading\">3. Como posso controlar os cookies?<\/h2>\n\n\n\n<p>Voc\u00ea tem o direito de decidir se aceita ou rejeita cookies. Voc\u00ea pode exercer seus direitos sobre cookies definindo suas prefer\u00eancias no Cookie Consent Manager. O Cookie Consent Manager permite que voc\u00ea selecione quais categorias de cookies voc\u00ea aceita ou rejeita. Os cookies essenciais n\u00e3o podem ser rejeitados, pois s\u00e3o estritamente necess\u00e1rios para fornecer servi\u00e7os a voc\u00ea.<\/p>\n\n\n\n<p>Os tipos espec\u00edficos de cookies pr\u00f3prios e de terceiros utilizados em nosso Site e as finalidades que eles desempenham est\u00e3o descritos na tabela abaixo:<\/p>\n\n\n\n<ul class=\"wp-block-list\">\n<li><strong>Cookies essenciais do site:<\/strong> Esses cookies s\u00e3o estritamente necess\u00e1rios para lhe fornecer os servi\u00e7os dispon\u00edveis em nosso Site e para usar alguns de seus recursos, como o acesso a \u00e1reas seguras.<\/li>\n\n\n\n<li><strong>Cookies anal\u00edticos e de personaliza\u00e7\u00e3o:<\/strong> Esses cookies coletam informa\u00e7\u00f5es que s\u00e3o usadas de forma agregada para nos ajudar a entender como nosso site est\u00e1 sendo usado ou a efic\u00e1cia de nossas campanhas de marketing, ou para nos ajudar a personalizar nosso site para voc\u00ea.<\/li>\n\n\n\n<li><strong>Cookies de publicidade:<\/strong> Esses cookies s\u00e3o usados para tornar as mensagens publicit\u00e1rias mais relevantes para voc\u00ea. Eles executam fun\u00e7\u00f5es como evitar que o mesmo an\u00fancio reapare\u00e7a continuamente, garantindo que os an\u00fancios sejam exibidos corretamente para os anunciantes e, em alguns casos, selecionando an\u00fancios com base em seus interesses.<\/li>\n<\/ul>\n\n\n\n<h2 class=\"wp-block-heading\">4. Com que frequ\u00eancia voc\u00ea atualizar\u00e1 esta Pol\u00edtica de Cookies?<\/h2>\n\n\n\n<p>Podemos atualizar esta Pol\u00edtica de Cookies de tempos em tempos para refletir, por exemplo, altera\u00e7\u00f5es nos cookies que usamos ou por outros motivos operacionais, legais ou regulat\u00f3rios. Portanto, consulte esta Pol\u00edtica de Cookies regularmente para manter-se informado sobre o uso de cookies e tecnologias relacionadas.<\/p>\n\n\n\n<h2 class=\"wp-block-heading\">5. Onde posso obter mais informa\u00e7\u00f5es?<\/h2>\n\n\n\n<p>Se tiver alguma d\u00favida sobre o uso de cookies ou outras tecnologias, envie-nos um e-mail para <a href=\"mailto:info@no-limit-city.com\">info@no-limit-city.com<\/a>.<\/p>","protected":false},"excerpt":{"rendered":"<p>\u00daltima Atualiza\u00e7\u00e3o: 03.03.2024 Bem-vindo ao Nolimit City Slots Reviews, acess\u00edvel em https:\/\/www.no-limit-city.com\/ (\"Site\"). Esta Pol\u00edtica de Cookies explica como usamos cookies e tecnologias semelhantes para reconhec\u00ea-lo quando voc\u00ea visita nosso Site. Ela explica o que s\u00e3o essas tecnologias e por que as usamos, bem como seus direitos de controlar o uso que fazemos delas. 1. [...]<\/p>","protected":false},"author":1,"featured_media":0,"parent":0,"menu_order":0,"comment_status":"closed","ping_status":"closed","template":"","meta":{"footnotes":""},"class_list":["post-1177","page","type-page","status-publish","hentry"],"acf":[],"_links":{"self":[{"href":"https:\/\/www.no-limit-city.com\/pt\/wp-json\/wp\/v2\/pages\/1177","targetHints":{"allow":["GET"]}}],"collection":[{"href":"https:\/\/www.no-limit-city.com\/pt\/wp-json\/wp\/v2\/pages"}],"about":[{"href":"https:\/\/www.no-limit-city.com\/pt\/wp-json\/wp\/v2\/types\/page"}],"author":[{"embeddable":true,"href":"https:\/\/www.no-limit-city.com\/pt\/wp-json\/wp\/v2\/users\/1"}],"replies":[{"embeddable":true,"href":"https:\/\/www.no-limit-city.com\/pt\/wp-json\/wp\/v2\/comments?post=1177"}],"version-history":[{"count":0,"href":"https:\/\/www.no-limit-city.com\/pt\/wp-json\/wp\/v2\/pages\/1177\/revisions"}],"wp:attachment":[{"href":"https:\/\/www.no-limit-city.com\/pt\/wp-json\/wp\/v2\/media?parent=1177"}],"curies":[{"name":"wp","href":"https:\/\/api.w.org\/{rel}","templated":true}]}}