{"id":1213,"date":"2024-03-03T20:50:13","date_gmt":"2024-03-03T17:50:13","guid":{"rendered":"https:\/\/www.no-limit-city.com\/?page_id=1213"},"modified":"2025-05-30T13:01:13","modified_gmt":"2025-05-30T10:01:13","slug":"contacts","status":"publish","type":"page","link":"https:\/\/www.no-limit-city.com\/pt\/contacts\/","title":{"rendered":"Contatos"},"content":{"rendered":"<p>Estamos felizes por voc\u00ea estar aqui! Seja voc\u00ea um f\u00e3 incondicional do Nolimit City, um jogador casual em busca da pr\u00f3xima emo\u00e7\u00e3o ou apenas um curioso sobre o que torna os jogos do Nolimit City t\u00e3o exclusivos, estamos aqui para ajudar e envolver voc\u00ea.<\/p>\n\n\n\n<h2 class=\"wp-block-heading\"><strong>Entre em contato<\/strong><\/h2>\n\n\n\n<p>Tem d\u00favidas, sugest\u00f5es ou deseja compartilhar suas hist\u00f3rias de vit\u00f3rias \u00e9picas? Gostar\u00edamos muito de ouvir de voc\u00ea! Veja como voc\u00ea pode entrar em contato conosco:<\/p>\n\n\n\n<ul class=\"wp-block-list\">\n<li><strong>E-mail:<\/strong> Para perguntas, coment\u00e1rios ou apenas para dizer oi, envie-nos um e-mail para <a href=\"mailto:info@no-limit-city.com\">info@no-limit-city.com<\/a>. Nosso objetivo \u00e9 responder a todos os e-mails em at\u00e9 48 horas.<\/li>\n\n\n\n<li><strong>F\u00f3runs da comunidade:<\/strong> Visite nossos f\u00f3runs para discutir seus jogos favoritos, estrat\u00e9gias e experi\u00eancias com outros f\u00e3s. \u00c9 um \u00f3timo lugar para conhecer outros entusiastas e compartilhar dicas e truques. Participe do f\u00f3rum.<\/li>\n<\/ul>\n\n\n\n<h2 class=\"wp-block-heading\"><strong>Perguntas sobre m\u00eddia e parcerias<\/strong><\/h2>\n\n\n\n<p>Para perguntas relacionadas \u00e0 imprensa e \u00e0 m\u00eddia ou se estiver interessado em fazer uma parceria conosco, entre em contato com nossa equipe de m\u00eddia em <a href=\"mailto:info@no-limit-city.com\">info@no-limit-city.com<\/a>.<\/p>\n\n\n\n<h2 class=\"wp-block-heading\"><strong>Feedback<\/strong><\/h2>\n\n\n\n<p>Seu feedback \u00e9 inestim\u00e1vel para n\u00f3s. Se tiver ideias sobre como podemos melhorar ou quiser sugerir novos conte\u00fados, n\u00e3o hesite em entrar em contato. Estamos sempre buscando aprimorar nosso site e a experi\u00eancia da comunidade.<\/p>\n\n\n\n<h2 class=\"wp-block-heading\"><strong>Isen\u00e7\u00e3o de responsabilidade legal<\/strong><\/h2>\n\n\n\n<p>Observe que este \u00e9 um site operado por f\u00e3s e n\u00e3o \u00e9 oficialmente afiliado \u00e0 Nolimit City. Para obter suporte oficial ou perguntas diretamente relacionadas \u00e0 Nolimit City e seus jogos, visite <a href=\"http:\/\/nolimitcity.com\/\" rel=\"nofollow noopener\" target=\"_blank\">Site oficial da cidade de Nolimit<\/a>.<\/p>\n\n\n\n<p>Obrigado por fazer parte de nossa comunidade. Estamos ansiosos para ouvir de voc\u00ea!<\/p>","protected":false},"excerpt":{"rendered":"<p>Estamos felizes por voc\u00ea estar aqui! Seja voc\u00ea um f\u00e3 incondicional do Nolimit City, um jogador casual em busca da pr\u00f3xima emo\u00e7\u00e3o ou apenas curioso para saber o que torna os jogos do Nolimit City t\u00e3o exclusivos, estamos aqui para ajudar e envolver voc\u00ea. Entre em contato Tem d\u00favidas, sugest\u00f5es ou deseja compartilhar suas hist\u00f3rias \u00e9picas de vit\u00f3rias? Gostar\u00edamos muito de ouvir sua opini\u00e3o [...]<\/p>","protected":false},"author":1,"featured_media":0,"parent":0,"menu_order":0,"comment_status":"closed","ping_status":"closed","template":"","meta":{"footnotes":""},"class_list":["post-1213","page","type-page","status-publish","hentry"],"acf":[],"_links":{"self":[{"href":"https:\/\/www.no-limit-city.com\/pt\/wp-json\/wp\/v2\/pages\/1213","targetHints":{"allow":["GET"]}}],"collection":[{"href":"https:\/\/www.no-limit-city.com\/pt\/wp-json\/wp\/v2\/pages"}],"about":[{"href":"https:\/\/www.no-limit-city.com\/pt\/wp-json\/wp\/v2\/types\/page"}],"author":[{"embeddable":true,"href":"https:\/\/www.no-limit-city.com\/pt\/wp-json\/wp\/v2\/users\/1"}],"replies":[{"embeddable":true,"href":"https:\/\/www.no-limit-city.com\/pt\/wp-json\/wp\/v2\/comments?post=1213"}],"version-history":[{"count":0,"href":"https:\/\/www.no-limit-city.com\/pt\/wp-json\/wp\/v2\/pages\/1213\/revisions"}],"wp:attachment":[{"href":"https:\/\/www.no-limit-city.com\/pt\/wp-json\/wp\/v2\/media?parent=1213"}],"curies":[{"name":"wp","href":"https:\/\/api.w.org\/{rel}","templated":true}]}}