{"id":263,"date":"2024-03-11T17:52:30","date_gmt":"2024-03-11T14:52:30","guid":{"rendered":"https:\/\/export.mercurytheme.com\/001\/?page_id=263"},"modified":"2024-03-15T12:52:22","modified_gmt":"2024-03-15T09:52:22","slug":"privacy-policy","status":"publish","type":"page","link":"https:\/\/www.no-limit-city.com\/pt\/privacy-policy\/","title":{"rendered":"Pol\u00edtica de privacidade"},"content":{"rendered":"<p><strong>\u00daltima atualiza\u00e7\u00e3o: 03.03.2024<\/strong><\/p>\n\n\n\n<p>Esta Pol\u00edtica de Privacidade se aplica ao site localizado em <a href=\"https:\/\/www.no-limit-city.com\/pt\/\">https:\/\/www.no-limit-city.com\/<\/a> (doravante denominados \"n\u00f3s\", \"nos\", \"nosso\", \"Nolimit City Slots Reviews\" ou \"Site\"). Ele descreve como coletamos, usamos e compartilhamos informa\u00e7\u00f5es sobre voc\u00ea por meio de nossas interfaces on-line de nossa propriedade e controladas por n\u00f3s, incluindo <a href=\"https:\/\/www.no-limit-city.com\/pt\/\">https:\/\/www.no-limit-city.com\/<\/a>.<\/p>\n\n\n\n<h2 class=\"wp-block-heading\">Coleta de informa\u00e7\u00f5es<\/h2>\n\n\n\n<h3 class=\"wp-block-heading\">Informa\u00e7\u00f5es que voc\u00ea nos fornece<\/h3>\n\n\n\n<p>Coletamos informa\u00e7\u00f5es que voc\u00ea fornece diretamente a n\u00f3s. Isso pode incluir:<\/p>\n\n\n\n<ul class=\"wp-block-list\">\n<li>Detalhes pessoais quando voc\u00ea envia formul\u00e1rios ou se registra em uma conta em nosso Site, como seu nome, endere\u00e7o de e-mail, endere\u00e7o postal, n\u00famero de telefone e outras informa\u00e7\u00f5es relevantes.<\/li>\n\n\n\n<li>Informa\u00e7\u00f5es transacionais, incluindo detalhes sobre pagamentos de e para voc\u00ea e outros detalhes de produtos e servi\u00e7os que voc\u00ea comprou de n\u00f3s.<\/li>\n\n\n\n<li>Feedback e correspond\u00eancia, como informa\u00e7\u00f5es que voc\u00ea fornece quando responde a pesquisas, participa de atividades de pesquisa de mercado, relata um problema com nosso Site ou recebe suporte ao cliente.<\/li>\n<\/ul>\n\n\n\n<h3 class=\"wp-block-heading\">Informa\u00e7\u00f5es que coletamos automaticamente<\/h3>\n\n\n\n<p>Quando voc\u00ea acessa ou usa nosso Site, podemos coletar automaticamente informa\u00e7\u00f5es sobre voc\u00ea, inclusive:<\/p>\n\n\n\n<ul class=\"wp-block-list\">\n<li>Informa\u00e7\u00f5es de registro: Detalhes de suas visitas ao nosso Site, incluindo dados de tr\u00e1fego, dados de localiza\u00e7\u00e3o, registros e outros dados de comunica\u00e7\u00e3o e os recursos que voc\u00ea acessa e usa no Site.<\/li>\n\n\n\n<li>Informa\u00e7\u00f5es do dispositivo: Informa\u00e7\u00f5es sobre seu computador, dispositivo m\u00f3vel e conex\u00e3o com a Internet, incluindo o identificador exclusivo do dispositivo, o endere\u00e7o IP, o sistema operacional, o tipo de navegador, as informa\u00e7\u00f5es da rede m\u00f3vel e o n\u00famero de telefone do dispositivo.<\/li>\n\n\n\n<li>Detalhes de uso: Detalhes do seu uso do nosso Site, incluindo dados de tr\u00e1fego, dados de localiza\u00e7\u00e3o, registros e outros dados de comunica\u00e7\u00e3o e os recursos que voc\u00ea acessa e usa no Site.<\/li>\n<\/ul>\n\n\n\n<h3 class=\"wp-block-heading\">Cookies e tecnologias similares<\/h3>\n\n\n\n<p>Usamos cookies e tecnologias de rastreamento semelhantes para rastrear a atividade em nosso Site e manter determinadas informa\u00e7\u00f5es. Os cookies s\u00e3o arquivos com uma pequena quantidade de dados que podem incluir um identificador exclusivo an\u00f4nimo. Voc\u00ea tem a op\u00e7\u00e3o de aceitar ou recusar esses cookies e saber quando um cookie est\u00e1 sendo enviado ao seu computador. Se voc\u00ea optar por recusar nossos cookies, talvez n\u00e3o consiga usar algumas partes do nosso Servi\u00e7o.<\/p>\n\n\n\n<h2 class=\"wp-block-heading\">Uso de informa\u00e7\u00f5es<\/h2>\n\n\n\n<p>Usamos informa\u00e7\u00f5es coletadas sobre voc\u00ea ou fornecidas por voc\u00ea, inclusive informa\u00e7\u00f5es pessoais:<\/p>\n\n\n\n<ul class=\"wp-block-list\">\n<li>Para apresentar nosso Site e seu conte\u00fado a voc\u00ea.<\/li>\n\n\n\n<li>Para fornecer informa\u00e7\u00f5es, produtos ou servi\u00e7os solicitados por voc\u00ea.<\/li>\n\n\n\n<li>Para atender a qualquer outra finalidade para a qual voc\u00ea os forne\u00e7a.<\/li>\n\n\n\n<li>Para cumprir nossas obriga\u00e7\u00f5es e fazer valer nossos direitos decorrentes de quaisquer contratos firmados entre voc\u00ea e n\u00f3s, inclusive para faturamento e cobran\u00e7a.<\/li>\n\n\n\n<li>Para notific\u00e1-lo sobre altera\u00e7\u00f5es em nosso Site ou quaisquer produtos ou servi\u00e7os que oferecemos ou fornecemos por meio dele.<\/li>\n\n\n\n<li>Para permitir que voc\u00ea participe de recursos interativos em nosso Site.<\/li>\n<\/ul>\n\n\n\n<h2 class=\"wp-block-heading\">Compartilhamento de informa\u00e7\u00f5es<\/h2>\n\n\n\n<p>Podemos divulgar informa\u00e7\u00f5es agregadas sobre nossos usu\u00e1rios e informa\u00e7\u00f5es que n\u00e3o identifiquem nenhum indiv\u00edduo, sem restri\u00e7\u00f5es. Podemos divulgar informa\u00e7\u00f5es pessoais que coletamos ou que voc\u00ea fornece:<\/p>\n\n\n\n<ul class=\"wp-block-list\">\n<li>Para nossas subsidi\u00e1rias e afiliadas.<\/li>\n\n\n\n<li>Para contratados, prestadores de servi\u00e7os e outros terceiros que usamos para apoiar nossos neg\u00f3cios.<\/li>\n\n\n\n<li>Para cumprir a finalidade para a qual voc\u00ea os forneceu.<\/li>\n\n\n\n<li>Para qualquer outra finalidade divulgada por n\u00f3s quando voc\u00ea fornecer as informa\u00e7\u00f5es.<\/li>\n\n\n\n<li>Com seu consentimento.<\/li>\n<\/ul>\n\n\n\n<h2 class=\"wp-block-heading\">Seguran\u00e7a de suas informa\u00e7\u00f5es<\/h2>\n\n\n\n<p>Implementamos medidas destinadas a proteger suas informa\u00e7\u00f5es pessoais contra perda acidental e contra acesso, uso, altera\u00e7\u00e3o e divulga\u00e7\u00e3o n\u00e3o autorizados. Infelizmente, a transmiss\u00e3o de informa\u00e7\u00f5es pela Internet n\u00e3o \u00e9 totalmente segura. Embora fa\u00e7amos o poss\u00edvel para proteger suas informa\u00e7\u00f5es pessoais, n\u00e3o podemos garantir a seguran\u00e7a de suas informa\u00e7\u00f5es pessoais transmitidas ao nosso Site. Qualquer transmiss\u00e3o de informa\u00e7\u00f5es pessoais \u00e9 feita por sua pr\u00f3pria conta e risco.<\/p>\n\n\n\n<h2 class=\"wp-block-heading\">Altera\u00e7\u00f5es em nossa pol\u00edtica de privacidade<\/h2>\n\n\n\n<p>Podemos atualizar nossa Pol\u00edtica de Privacidade de tempos em tempos. Notificaremos voc\u00ea sobre quaisquer altera\u00e7\u00f5es publicando a nova Pol\u00edtica de Privacidade nesta p\u00e1gina. Recomendamos que voc\u00ea revise esta Pol\u00edtica de Privacidade periodicamente para verificar se houve alguma altera\u00e7\u00e3o.<\/p>\n\n\n\n<h2 class=\"wp-block-heading\">Informa\u00e7\u00f5es de contato<\/h2>\n\n\n\n<p>Para fazer perguntas ou coment\u00e1rios sobre esta Pol\u00edtica de Privacidade e nossas pr\u00e1ticas de privacidade, entre em contato conosco: <a href=\"mailto:info@no-limit-city.com\">info@no-limit-city.com<\/a>.<\/p>","protected":false},"excerpt":{"rendered":"<p>\u00daltima atualiza\u00e7\u00e3o: 03.03.2024 Esta Pol\u00edtica de Privacidade aplica-se ao site localizado em https:\/\/www.no-limit-city.com\/ (doravante denominado \"n\u00f3s\", \"nos\", \"nosso\", \"Nolimit City Slots Reviews\" ou \"Site\"). Ela descreve como coletamos, usamos e compartilhamos informa\u00e7\u00f5es sobre voc\u00ea por meio de nossas interfaces on-line de nossa propriedade e controladas por n\u00f3s, incluindo o https:\/\/www.no-limit-city.com\/. Coleta de informa\u00e7\u00f5es Informa\u00e7\u00f5es que voc\u00ea nos fornece Coletamos [...]<\/p>","protected":false},"author":1,"featured_media":0,"parent":0,"menu_order":0,"comment_status":"closed","ping_status":"closed","template":"","meta":{"footnotes":""},"class_list":["post-263","page","type-page","status-publish","hentry"],"acf":[],"_links":{"self":[{"href":"https:\/\/www.no-limit-city.com\/pt\/wp-json\/wp\/v2\/pages\/263","targetHints":{"allow":["GET"]}}],"collection":[{"href":"https:\/\/www.no-limit-city.com\/pt\/wp-json\/wp\/v2\/pages"}],"about":[{"href":"https:\/\/www.no-limit-city.com\/pt\/wp-json\/wp\/v2\/types\/page"}],"author":[{"embeddable":true,"href":"https:\/\/www.no-limit-city.com\/pt\/wp-json\/wp\/v2\/users\/1"}],"replies":[{"embeddable":true,"href":"https:\/\/www.no-limit-city.com\/pt\/wp-json\/wp\/v2\/comments?post=263"}],"version-history":[{"count":0,"href":"https:\/\/www.no-limit-city.com\/pt\/wp-json\/wp\/v2\/pages\/263\/revisions"}],"wp:attachment":[{"href":"https:\/\/www.no-limit-city.com\/pt\/wp-json\/wp\/v2\/media?parent=263"}],"curies":[{"name":"wp","href":"https:\/\/api.w.org\/{rel}","templated":true}]}}