{"id":265,"date":"2024-03-11T17:52:34","date_gmt":"2024-03-11T14:52:34","guid":{"rendered":"https:\/\/export.mercurytheme.com\/001\/?page_id=265"},"modified":"2025-05-01T14:25:06","modified_gmt":"2025-05-01T11:25:06","slug":"terms-and-conditions","status":"publish","type":"page","link":"https:\/\/www.no-limit-city.com\/pt\/terms-and-conditions\/","title":{"rendered":"Termos e condi\u00e7\u00f5es"},"content":{"rendered":"<p><strong>\u00daltima atualiza\u00e7\u00e3o: 03.03.2024<\/strong><\/p>\n\n\n\n<p>Bem-vindo ao Nolimit City Slots Reviews, acess\u00edvel em <a href=\"https:\/\/www.no-limit-city.com\/pt\/\">https:\/\/www.no-limit-city.com\/<\/a> (\"Site\"). Estes termos e condi\u00e7\u00f5es descrevem as regras e os regulamentos para o uso do nosso Site.<\/p>\n\n\n\n<p>Ao acessar este site, assumimos que voc\u00ea aceita estes termos e condi\u00e7\u00f5es na \u00edntegra. N\u00e3o continue a usar o Nolimit City Slots Reviews se n\u00e3o aceitar todos os termos e condi\u00e7\u00f5es estabelecidos nesta p\u00e1gina.<\/p>\n\n\n\n<h2 class=\"wp-block-heading\">1. Direitos de propriedade intelectual<\/h2>\n\n\n\n<p>Al\u00e9m do conte\u00fado de sua propriedade, que voc\u00ea pode ter optado por incluir neste site, de acordo com esses termos, a Nolimit City Slots Reviews e\/ou seus licenciadores det\u00eam todos os direitos sobre a propriedade intelectual e o material contido neste site, e todos esses direitos s\u00e3o reservados.<\/p>\n\n\n\n<p>Voc\u00ea recebe uma licen\u00e7a limitada apenas, sujeita \u00e0s restri\u00e7\u00f5es previstas nestes termos, para fins de visualiza\u00e7\u00e3o do material contido neste site.<\/p>\n\n\n\n<h2 class=\"wp-block-heading\">2. Restri\u00e7\u00f5es<\/h2>\n\n\n\n<p>Voc\u00ea est\u00e1 expressamente impedido de fazer o seguinte:<\/p>\n\n\n\n<ul class=\"wp-block-list\">\n<li>Publicar qualquer material do site em qualquer m\u00eddia sem o consentimento pr\u00e9vio por escrito.<\/li>\n\n\n\n<li>Vender, sublicenciar e\/ou comercializar de outra forma qualquer material do site.<\/li>\n\n\n\n<li>Executar e\/ou exibir publicamente qualquer material do site.<\/li>\n\n\n\n<li>Usar este site de qualquer forma que seja ou possa ser prejudicial a este site.<\/li>\n\n\n\n<li>Usar este site de qualquer forma que afete o acesso do usu\u00e1rio a este site.<\/li>\n\n\n\n<li>Usar este site de forma contr\u00e1ria \u00e0s leis e aos regulamentos aplic\u00e1veis ou de forma que cause ou possa causar danos ao site ou a qualquer pessoa ou entidade comercial.<\/li>\n<\/ul>\n\n\n\n<h2 class=\"wp-block-heading\">3. Conte\u00fado do usu\u00e1rio<\/h2>\n\n\n\n<p>Nestes termos e condi\u00e7\u00f5es, \"seu conte\u00fado de usu\u00e1rio\" significa o material (incluindo, entre outros, texto, imagens, material de \u00e1udio, material de v\u00eddeo e material audiovisual) que voc\u00ea envia a este site, para qualquer finalidade.<\/p>\n\n\n\n<p>O usu\u00e1rio concede ao Nolimit City Slots Reviews uma licen\u00e7a n\u00e3o exclusiva, mundial, irrevog\u00e1vel, isenta de royalties e sublicenci\u00e1vel para usar, reproduzir, adaptar, publicar, traduzir e distribuir o conte\u00fado do usu\u00e1rio em qualquer m\u00eddia existente ou futura. Voc\u00ea tamb\u00e9m concede \u00e0 Nolimit City Slots Reviews o direito de sublicenciar esses direitos e o direito de mover uma a\u00e7\u00e3o por viola\u00e7\u00e3o desses direitos.<\/p>\n\n\n\n<h2 class=\"wp-block-heading\">4. Sem garantias<\/h2>\n\n\n\n<p>Este site \u00e9 fornecido \"no estado em que se encontra\", com todas as falhas, e a Nolimit City Slots Reviews n\u00e3o faz representa\u00e7\u00f5es ou garantias expressas ou impl\u00edcitas, de qualquer tipo, relacionadas a este site ou aos materiais nele contidos.<\/p>\n\n\n\n<h2 class=\"wp-block-heading\">5. Limita\u00e7\u00e3o de responsabilidade<\/h2>\n\n\n\n<p>Em nenhuma circunst\u00e2ncia a Nolimit City Slots Reviews, nem qualquer um de seus executivos, diretores e funcion\u00e1rios, ser\u00e1 respons\u00e1vel por qualquer coisa decorrente ou de alguma forma relacionada ao seu uso deste site, quer essa responsabilidade seja contratual, extracontratual ou de outra forma, e a Nolimit City Slots Reviews, incluindo seus executivos, diretores e funcion\u00e1rios, n\u00e3o ser\u00e1 respons\u00e1vel por qualquer responsabilidade indireta, consequencial ou especial decorrente ou de alguma forma relacionada ao seu uso deste site.<\/p>\n\n\n\n<h2 class=\"wp-block-heading\">6. Indeniza\u00e7\u00e3o<\/h2>\n\n\n\n<p>Por meio deste instrumento, o usu\u00e1rio indeniza, em toda a extens\u00e3o, a Nolimit City Slots Reviews de e contra todas e quaisquer responsabilidades, custos, demandas, causas de a\u00e7\u00e3o, danos e despesas (incluindo honor\u00e1rios advocat\u00edcios razo\u00e1veis) decorrentes de ou de alguma forma relacionados \u00e0 viola\u00e7\u00e3o por parte do usu\u00e1rio de qualquer uma das disposi\u00e7\u00f5es destes termos.<\/p>\n\n\n\n<h2 class=\"wp-block-heading\">7. Divisibilidade<\/h2>\n\n\n\n<p>Se qualquer disposi\u00e7\u00e3o destes termos for considerada inexequ\u00edvel ou inv\u00e1lida nos termos de qualquer lei aplic\u00e1vel, tal inexequibilidade ou invalidade n\u00e3o tornar\u00e1 estes termos inexequ\u00edveis ou inv\u00e1lidos como um todo, e tais disposi\u00e7\u00f5es dever\u00e3o ser exclu\u00eddas sem afetar as disposi\u00e7\u00f5es restantes deste documento.<\/p>\n\n\n\n<h2 class=\"wp-block-heading\">8. Varia\u00e7\u00e3o dos termos<\/h2>\n\n\n\n<p>O Nolimit City Slots Reviews tem permiss\u00e3o para revisar esses termos a qualquer momento, conforme julgar necess\u00e1rio e, ao usar este site, espera-se que o usu\u00e1rio revise esses termos regularmente para garantir que entenda todos os termos e condi\u00e7\u00f5es que regem o uso deste site.<\/p>\n\n\n\n<h2 class=\"wp-block-heading\">9. Atribui\u00e7\u00e3o<\/h2>\n\n\n\n<p>O Nolimit City Slots Reviews tem permiss\u00e3o para atribuir, transferir e subcontratar seus direitos e\/ou obriga\u00e7\u00f5es sob estes termos sem qualquer notifica\u00e7\u00e3o. No entanto, o usu\u00e1rio n\u00e3o tem permiss\u00e3o para ceder, transferir ou subcontratar nenhum de seus direitos e\/ou obriga\u00e7\u00f5es sob esses termos.<\/p>\n\n\n\n<h2 class=\"wp-block-heading\">10. Contrato integral<\/h2>\n\n\n\n<p>Estes termos, incluindo quaisquer avisos legais e isen\u00e7\u00f5es de responsabilidade contidos neste site, constituem o acordo integral entre a Nolimit City Slots Reviews e o usu\u00e1rio em rela\u00e7\u00e3o ao uso deste site e substituem todos os acordos e entendimentos anteriores com rela\u00e7\u00e3o ao mesmo.<\/p>\n\n\n\n<h2 class=\"wp-block-heading\">Lei Aplic\u00e1vel e Jurisdi\u00e7\u00e3o<\/h2>\n\n\n\n<p>Estes termos ser\u00e3o regidos e interpretados de acordo com as leis da jurisdi\u00e7\u00e3o na qual o operador do site est\u00e1 sediado, e voc\u00ea se submete \u00e0 jurisdi\u00e7\u00e3o n\u00e3o exclusiva dos tribunais estaduais e federais localizados nessa jurisdi\u00e7\u00e3o para a resolu\u00e7\u00e3o de quaisquer disputas.<\/p>","protected":false},"excerpt":{"rendered":"<p>\u00daltima Atualiza\u00e7\u00e3o: 03.03.2024 Bem-vindo ao Nolimit City Slots Reviews, acess\u00edvel em https:\/\/www.no-limit-city.com\/ (\"Site\"). Estes termos e condi\u00e7\u00f5es descrevem as regras e os regulamentos para o uso do nosso Site. Ao acessar este site, presumimos que voc\u00ea aceita estes termos e condi\u00e7\u00f5es na \u00edntegra. N\u00e3o continue a usar o Nolimit City Slots Reviews se voc\u00ea n\u00e3o [...]<\/p>","protected":false},"author":1,"featured_media":0,"parent":0,"menu_order":0,"comment_status":"closed","ping_status":"closed","template":"page-no-sidebar.php","meta":{"footnotes":""},"class_list":["post-265","page","type-page","status-publish","hentry"],"acf":[],"_links":{"self":[{"href":"https:\/\/www.no-limit-city.com\/pt\/wp-json\/wp\/v2\/pages\/265","targetHints":{"allow":["GET"]}}],"collection":[{"href":"https:\/\/www.no-limit-city.com\/pt\/wp-json\/wp\/v2\/pages"}],"about":[{"href":"https:\/\/www.no-limit-city.com\/pt\/wp-json\/wp\/v2\/types\/page"}],"author":[{"embeddable":true,"href":"https:\/\/www.no-limit-city.com\/pt\/wp-json\/wp\/v2\/users\/1"}],"replies":[{"embeddable":true,"href":"https:\/\/www.no-limit-city.com\/pt\/wp-json\/wp\/v2\/comments?post=265"}],"version-history":[{"count":0,"href":"https:\/\/www.no-limit-city.com\/pt\/wp-json\/wp\/v2\/pages\/265\/revisions"}],"wp:attachment":[{"href":"https:\/\/www.no-limit-city.com\/pt\/wp-json\/wp\/v2\/media?parent=265"}],"curies":[{"name":"wp","href":"https:\/\/api.w.org\/{rel}","templated":true}]}}