{"id":1177,"date":"2024-03-03T20:15:21","date_gmt":"2024-03-03T17:15:21","guid":{"rendered":"https:\/\/www.no-limit-city.com\/?page_id=1177"},"modified":"2025-05-01T14:25:11","modified_gmt":"2025-05-01T11:25:11","slug":"cookie-policy","status":"publish","type":"page","link":"https:\/\/www.no-limit-city.com\/tr\/cookie-policy\/","title":{"rendered":"\u00c7erez Politikas\u0131"},"content":{"rendered":"<p><strong>Son G\u00fcncelleme 03.03.2024<\/strong><\/p>\n\n\n\n<p>adresinden eri\u015filebilen Nolimit City Slots \u0130ncelemelerine ho\u015f geldiniz <a href=\"https:\/\/www.no-limit-city.com\/tr\/\">https:\/\/www.no-limit-city.com\/<\/a> (\"Site\"). Bu \u00c7erez Politikas\u0131, Sitemizi ziyaret etti\u011finizde sizi tan\u0131mak i\u00e7in \u00e7erezleri ve benzer teknolojileri nas\u0131l kulland\u0131\u011f\u0131m\u0131z\u0131 a\u00e7\u0131klamaktad\u0131r. Bu teknolojilerin ne oldu\u011fu ve bunlar\u0131 neden kulland\u0131\u011f\u0131m\u0131z\u0131n yan\u0131 s\u0131ra bunlar\u0131 kullan\u0131m\u0131m\u0131z\u0131 kontrol etme haklar\u0131n\u0131z\u0131 da a\u00e7\u0131klamaktad\u0131r.<\/p>\n\n\n\n<h2 class=\"wp-block-heading\">1. \u00c7erezler nedir?<\/h2>\n\n\n\n<p>\u00c7erezler, bir web sitesini ziyaret etti\u011finizde bilgisayar\u0131n\u0131za veya mobil cihaz\u0131n\u0131za yerle\u015ftirilen k\u00fc\u00e7\u00fck veri dosyalar\u0131d\u0131r. \u00c7erezler, web sitesi sahipleri taraf\u0131ndan web sitelerinin \u00e7al\u0131\u015fmas\u0131n\u0131 veya daha verimli \u00e7al\u0131\u015fmas\u0131n\u0131 sa\u011flamak ve raporlama bilgileri sa\u011flamak i\u00e7in yayg\u0131n olarak kullan\u0131lmaktad\u0131r.<\/p>\n\n\n\n<p>Web sitesi sahibi (bu durumda, Nolimit City Slots Reviews) taraf\u0131ndan ayarlanan \u00e7erezlere \"birinci taraf \u00e7erezleri\" denir. Web sitesi sahibi d\u0131\u015f\u0131ndaki taraflarca belirlenen \u00e7erezlere \"\u00fc\u00e7\u00fcnc\u00fc taraf \u00e7erezleri\" denir. \u00dc\u00e7\u00fcnc\u00fc taraf \u00e7erezleri, web sitesinde veya web sitesi arac\u0131l\u0131\u011f\u0131yla \u00fc\u00e7\u00fcnc\u00fc taraf \u00f6zelliklerinin veya i\u015flevlerinin sa\u011flanmas\u0131n\u0131 sa\u011flar (\u00f6rne\u011fin, reklam, etkile\u015fimli i\u00e7erik ve analizler). Bu \u00fc\u00e7\u00fcnc\u00fc taraf \u00e7erezlerini ayarlayan taraflar, bilgisayar\u0131n\u0131z\u0131 hem s\u00f6z konusu web sitesini ziyaret etti\u011finde hem de belirli di\u011fer web sitelerini ziyaret etti\u011finde tan\u0131yabilir.<\/p>\n\n\n\n<h2 class=\"wp-block-heading\">2. Neden \u00e7erez kullan\u0131yoruz?<\/h2>\n\n\n\n<p>Birinci taraf ve \u00fc\u00e7\u00fcnc\u00fc taraf \u00e7erezlerini \u00e7e\u015fitli nedenlerle kullan\u0131yoruz. Baz\u0131 \u00e7erezler Sitemizin \u00e7al\u0131\u015fmas\u0131 i\u00e7in teknik nedenlerle gereklidir ve bunlar\u0131 \"temel\" veya \"kesinlikle gerekli\" \u00e7erezler olarak adland\u0131r\u0131yoruz. Di\u011fer \u00e7erezler de Sitemizdeki deneyimi geli\u015ftirmek i\u00e7in kullan\u0131c\u0131lar\u0131m\u0131z\u0131n ilgi alanlar\u0131n\u0131 izlememizi ve hedeflememizi sa\u011flar. \u00dc\u00e7\u00fcnc\u00fc taraflar reklam, analiz ve di\u011fer ama\u00e7larla Sitemiz \u00fczerinden \u00e7erezler sunmaktad\u0131r. Bu, a\u015fa\u011f\u0131da daha ayr\u0131nt\u0131l\u0131 olarak a\u00e7\u0131klanmaktad\u0131r.<\/p>\n\n\n\n<h2 class=\"wp-block-heading\">3. \u00c7erezleri nas\u0131l kontrol edebilirim?<\/h2>\n\n\n\n<p>\u00c7erezleri kabul etme veya reddetme konusunda karar verme hakk\u0131na sahipsiniz. \u00c7erez haklar\u0131n\u0131z\u0131 \u00c7erez Onay Y\u00f6neticisi'nde tercihlerinizi belirleyerek kullanabilirsiniz. \u00c7erez Onay Y\u00f6neticisi, hangi \u00e7erez kategorilerini kabul edece\u011finizi veya reddedece\u011finizi se\u00e7menize olanak tan\u0131r. Temel \u00e7erezler, size hizmet sunmak i\u00e7in kesinlikle gerekli olduklar\u0131ndan reddedilemezler.<\/p>\n\n\n\n<p>Sitemiz arac\u0131l\u0131\u011f\u0131yla sunulan belirli birinci ve \u00fc\u00e7\u00fcnc\u00fc taraf \u00e7erez t\u00fcrleri ve ger\u00e7ekle\u015ftirdikleri ama\u00e7lar a\u015fa\u011f\u0131daki tabloda a\u00e7\u0131klanmaktad\u0131r:<\/p>\n\n\n\n<ul class=\"wp-block-list\">\n<li><strong>Temel web sitesi \u00e7erezleri:<\/strong> Bu \u00e7erezler, size Sitemiz arac\u0131l\u0131\u011f\u0131yla sunulan hizmetleri sa\u011flamak ve g\u00fcvenli alanlara eri\u015fim gibi baz\u0131 \u00f6zelliklerini kullanmak i\u00e7in kesinlikle gereklidir.<\/li>\n\n\n\n<li><strong>Analitik ve \u00f6zelle\u015ftirme \u00e7erezleri:<\/strong> Bu \u00e7erezler, web sitemizin nas\u0131l kullan\u0131ld\u0131\u011f\u0131n\u0131 veya pazarlama kampanyalar\u0131m\u0131z\u0131n ne kadar etkili oldu\u011funu anlamam\u0131za yard\u0131mc\u0131 olmak veya web sitemizi sizin i\u00e7in \u00f6zelle\u015ftirmemize yard\u0131mc\u0131 olmak i\u00e7in toplu bi\u00e7imde kullan\u0131lan bilgileri toplar.<\/li>\n\n\n\n<li><strong>Reklam \u00e7erezleri:<\/strong> Bu \u00e7erezler, reklam mesajlar\u0131n\u0131 sizinle daha alakal\u0131 hale getirmek i\u00e7in kullan\u0131l\u0131r. Ayn\u0131 reklam\u0131n s\u00fcrekli olarak yeniden g\u00f6r\u00fcnmesini engellemek, reklam verenler i\u00e7in reklamlar\u0131n d\u00fczg\u00fcn bir \u015fekilde g\u00f6r\u00fcnt\u00fclenmesini sa\u011flamak ve baz\u0131 durumlarda ilgi alanlar\u0131n\u0131za g\u00f6re reklamlar se\u00e7mek gibi i\u015flevleri yerine getirirler.<\/li>\n<\/ul>\n\n\n\n<h2 class=\"wp-block-heading\">4. Bu \u00c7erez Politikas\u0131n\u0131 ne s\u0131kl\u0131kla g\u00fcncelleyeceksiniz?<\/h2>\n\n\n\n<p>Bu \u00c7erez Politikas\u0131n\u0131, \u00f6rne\u011fin kulland\u0131\u011f\u0131m\u0131z \u00e7erezlerdeki de\u011fi\u015fiklikleri yans\u0131tmak i\u00e7in veya di\u011fer operasyonel, yasal veya d\u00fczenleyici nedenlerle zaman zaman g\u00fcncelleyebiliriz. Bu nedenle, \u00e7erezleri ve ilgili teknolojileri kullan\u0131m\u0131m\u0131z hakk\u0131nda bilgi sahibi olmak i\u00e7in l\u00fctfen bu \u00c7erez Politikas\u0131n\u0131 d\u00fczenli olarak yeniden ziyaret edin.<\/p>\n\n\n\n<h2 class=\"wp-block-heading\">5. Daha fazla bilgiyi nereden alabilirim?<\/h2>\n\n\n\n<p>\u00c7erezleri veya di\u011fer teknolojileri kullan\u0131m\u0131m\u0131z hakk\u0131nda herhangi bir sorunuz varsa, l\u00fctfen bize \u015fu adresten e-posta g\u00f6nderin <a href=\"mailto:info@no-limit-city.com\">info@no-limit-city.com<\/a>.<\/p>","protected":false},"excerpt":{"rendered":"<p>Last Updated: 03.03.2024 Welcome to Nolimit City Slots Reviews, accessible at https:\/\/www.no-limit-city.com\/ (&#8220;Site&#8221;). This Cookie Policy explains how we use cookies and similar technologies to recognize you when you visit our Site. It explains what these technologies are and why we use them, as well as your rights to control our use of them. 1. [&hellip;]<\/p>","protected":false},"author":1,"featured_media":0,"parent":0,"menu_order":0,"comment_status":"closed","ping_status":"closed","template":"","meta":{"footnotes":""},"class_list":["post-1177","page","type-page","status-publish","hentry"],"acf":[],"_links":{"self":[{"href":"https:\/\/www.no-limit-city.com\/tr\/wp-json\/wp\/v2\/pages\/1177","targetHints":{"allow":["GET"]}}],"collection":[{"href":"https:\/\/www.no-limit-city.com\/tr\/wp-json\/wp\/v2\/pages"}],"about":[{"href":"https:\/\/www.no-limit-city.com\/tr\/wp-json\/wp\/v2\/types\/page"}],"author":[{"embeddable":true,"href":"https:\/\/www.no-limit-city.com\/tr\/wp-json\/wp\/v2\/users\/1"}],"replies":[{"embeddable":true,"href":"https:\/\/www.no-limit-city.com\/tr\/wp-json\/wp\/v2\/comments?post=1177"}],"version-history":[{"count":0,"href":"https:\/\/www.no-limit-city.com\/tr\/wp-json\/wp\/v2\/pages\/1177\/revisions"}],"wp:attachment":[{"href":"https:\/\/www.no-limit-city.com\/tr\/wp-json\/wp\/v2\/media?parent=1177"}],"curies":[{"name":"wp","href":"https:\/\/api.w.org\/{rel}","templated":true}]}}