{"id":1213,"date":"2024-03-03T20:50:13","date_gmt":"2024-03-03T17:50:13","guid":{"rendered":"https:\/\/www.no-limit-city.com\/?page_id=1213"},"modified":"2025-05-30T13:01:13","modified_gmt":"2025-05-30T10:01:13","slug":"contacts","status":"publish","type":"page","link":"https:\/\/www.no-limit-city.com\/tr\/contacts\/","title":{"rendered":"\u0130leti\u015fim"},"content":{"rendered":"<p>Burada oldu\u011funuz i\u00e7in \u00e7ok heyecanl\u0131y\u0131z! \u0130ster s\u0131k\u0131 bir Nolimit City hayran\u0131 olun, ister bir sonraki heyecan\u0131n\u0131z\u0131 arayan s\u0131radan bir oyuncu olun ya da sadece Nolimit City'nin oyunlar\u0131n\u0131 bu kadar benzersiz k\u0131lan \u015feyin ne oldu\u011funu merak ediyor olun, size yard\u0131mc\u0131 olmak ve etkile\u015fimde bulunmak i\u00e7in buraday\u0131z.<\/p>\n\n\n\n<h2 class=\"wp-block-heading\"><strong>\u0130leti\u015fime Ge\u00e7in<\/strong><\/h2>\n\n\n\n<p>Sorular\u0131n\u0131z, \u00f6nerileriniz mi var veya destans\u0131 kazanma hikayelerinizi payla\u015fmak m\u0131 istiyorsunuz? Sizden haber almak isteriz! Bize \u015fu \u015fekilde ula\u015fabilirsiniz:<\/p>\n\n\n\n<ul class=\"wp-block-list\">\n<li><strong>E-posta:<\/strong> Sorular\u0131n\u0131z, geri bildirimleriniz veya sadece merhaba demek i\u00e7in bize \u015fu adresten bir e-posta g\u00f6nderin <a href=\"mailto:info@no-limit-city.com\">info@no-limit-city.com<\/a>. T\u00fcm e-postalara 48 saat i\u00e7inde yan\u0131t vermeyi hedefliyoruz.<\/li>\n\n\n\n<li><strong>Topluluk Forumlar\u0131:<\/strong> Favori oyunlar\u0131n\u0131z\u0131, stratejilerinizi ve deneyimlerinizi di\u011fer hayranlarla tart\u0131\u015fmak i\u00e7in forumlar\u0131m\u0131z\u0131 ziyaret edin. Di\u011fer merakl\u0131larla tan\u0131\u015fmak, ipu\u00e7lar\u0131n\u0131 ve p\u00fcf noktalar\u0131n\u0131 payla\u015fmak i\u00e7in harika bir yer. Foruma kat\u0131l\u0131n.<\/li>\n<\/ul>\n\n\n\n<h2 class=\"wp-block-heading\"><strong>Medya ve Ortakl\u0131k Sorular\u0131<\/strong><\/h2>\n\n\n\n<p>Bas\u0131n ve medya ile ilgili sorular\u0131n\u0131z i\u00e7in veya bizimle ortakl\u0131k kurmak istiyorsan\u0131z, l\u00fctfen medya ekibimizle \u015fu adresten ileti\u015fime ge\u00e7in <a href=\"mailto:info@no-limit-city.com\">info@no-limit-city.com<\/a>.<\/p>\n\n\n\n<h2 class=\"wp-block-heading\"><strong>Geri bildirim<\/strong><\/h2>\n\n\n\n<p>Geri bildirimleriniz bizim i\u00e7in \u00e7ok de\u011ferli. Nas\u0131l geli\u015ftirebilece\u011fimize dair fikirleriniz varsa veya yeni i\u00e7erik \u00f6nermek istiyorsan\u0131z, l\u00fctfen ileti\u015fime ge\u00e7mekten \u00e7ekinmeyin. S\u00fcrekli olarak sitemizi ve topluluk deneyimimizi geli\u015ftirmeye \u00e7al\u0131\u015f\u0131yoruz.<\/p>\n\n\n\n<h2 class=\"wp-block-heading\"><strong>Yasal Uyar\u0131<\/strong><\/h2>\n\n\n\n<p>L\u00fctfen bunun hayranlar taraf\u0131ndan i\u015fletilen bir site oldu\u011funu ve Nolimit City ile resmi bir ba\u011flant\u0131s\u0131 olmad\u0131\u011f\u0131n\u0131 unutmay\u0131n. Nolimit City ve oyunlar\u0131yla do\u011frudan ilgili resmi destek veya sorular\u0131n\u0131z i\u00e7in l\u00fctfen \u015fu adresi ziyaret edin <a href=\"http:\/\/nolimitcity.com\/\" rel=\"nofollow noopener\" target=\"_blank\">Nolimit City'nin resmi web sitesi<\/a>.<\/p>\n\n\n\n<p>Toplulu\u011fumuzun bir par\u00e7as\u0131 oldu\u011funuz i\u00e7in te\u015fekk\u00fcr ederiz. Sizden haber almak i\u00e7in sab\u0131rs\u0131zlan\u0131yoruz!<\/p>","protected":false},"excerpt":{"rendered":"<p>Burada oldu\u011funuz i\u00e7in \u00e7ok heyecanl\u0131y\u0131z! \u0130ster s\u0131k\u0131 bir Nolimit City hayran\u0131 olun, ister bir sonraki heyecan\u0131n\u0131z\u0131 arayan s\u0131radan bir oyuncu olun ya da sadece Nolimit City'nin oyunlar\u0131n\u0131 bu kadar benzersiz k\u0131lan \u015feyin ne oldu\u011funu merak ediyor olun, size yard\u0131mc\u0131 olmak ve etkile\u015fimde bulunmak i\u00e7in buraday\u0131z. \u0130leti\u015fime Ge\u00e7in Sorular\u0131n\u0131z, \u00f6nerileriniz mi var veya destans\u0131 kazanma hikayelerinizi payla\u015fmak m\u0131 istiyorsunuz? Sizden haber almak isteriz [...]<\/p>","protected":false},"author":1,"featured_media":0,"parent":0,"menu_order":0,"comment_status":"closed","ping_status":"closed","template":"","meta":{"footnotes":""},"class_list":["post-1213","page","type-page","status-publish","hentry"],"acf":[],"_links":{"self":[{"href":"https:\/\/www.no-limit-city.com\/tr\/wp-json\/wp\/v2\/pages\/1213","targetHints":{"allow":["GET"]}}],"collection":[{"href":"https:\/\/www.no-limit-city.com\/tr\/wp-json\/wp\/v2\/pages"}],"about":[{"href":"https:\/\/www.no-limit-city.com\/tr\/wp-json\/wp\/v2\/types\/page"}],"author":[{"embeddable":true,"href":"https:\/\/www.no-limit-city.com\/tr\/wp-json\/wp\/v2\/users\/1"}],"replies":[{"embeddable":true,"href":"https:\/\/www.no-limit-city.com\/tr\/wp-json\/wp\/v2\/comments?post=1213"}],"version-history":[{"count":0,"href":"https:\/\/www.no-limit-city.com\/tr\/wp-json\/wp\/v2\/pages\/1213\/revisions"}],"wp:attachment":[{"href":"https:\/\/www.no-limit-city.com\/tr\/wp-json\/wp\/v2\/media?parent=1213"}],"curies":[{"name":"wp","href":"https:\/\/api.w.org\/{rel}","templated":true}]}}