{"id":263,"date":"2024-03-11T17:52:30","date_gmt":"2024-03-11T14:52:30","guid":{"rendered":"https:\/\/export.mercurytheme.com\/001\/?page_id=263"},"modified":"2024-03-15T12:52:22","modified_gmt":"2024-03-15T09:52:22","slug":"privacy-policy","status":"publish","type":"page","link":"https:\/\/www.no-limit-city.com\/tr\/privacy-policy\/","title":{"rendered":"Gizlilik Politikas\u0131"},"content":{"rendered":"<p><strong>Son G\u00fcncelleme: 03.03.2024<\/strong><\/p>\n\n\n\n<p>Bu Gizlilik Politikas\u0131 \u015fu adreste bulunan web sitesi i\u00e7in ge\u00e7erlidir <a href=\"https:\/\/www.no-limit-city.com\/tr\/\">https:\/\/www.no-limit-city.com\/<\/a> (bundan b\u00f6yle \"biz\", \"bize\", \"bizim\", \"Nolimit City Slots Yorumlar\u0131\" veya \"Site\" olarak an\u0131lacakt\u0131r). A\u015fa\u011f\u0131dakiler de dahil olmak \u00fczere, sahip oldu\u011fumuz ve kontrol etti\u011fimiz \u00e7evrimi\u00e7i aray\u00fczlerimiz arac\u0131l\u0131\u011f\u0131yla sizinle ilgili bilgileri nas\u0131l toplad\u0131\u011f\u0131m\u0131z\u0131, kulland\u0131\u011f\u0131m\u0131z\u0131 ve payla\u015ft\u0131\u011f\u0131m\u0131z\u0131 a\u00e7\u0131klar <a href=\"https:\/\/www.no-limit-city.com\/tr\/\">https:\/\/www.no-limit-city.com\/<\/a>.<\/p>\n\n\n\n<h2 class=\"wp-block-heading\">Bilgi Toplama<\/h2>\n\n\n\n<h3 class=\"wp-block-heading\">Bize Sa\u011flad\u0131\u011f\u0131n\u0131z Bilgiler<\/h3>\n\n\n\n<p>Do\u011frudan bize sa\u011flad\u0131\u011f\u0131n\u0131z bilgileri toplar\u0131z. Bu bilgiler \u015funlar\u0131 i\u00e7erebilir:<\/p>\n\n\n\n<ul class=\"wp-block-list\">\n<li>Form g\u00f6nderdi\u011finizde veya Sitemizde bir hesap i\u00e7in kaydoldu\u011funuzda, ad\u0131n\u0131z, e-posta adresiniz, posta adresiniz, telefon numaran\u0131z ve di\u011fer ilgili bilgiler gibi ki\u015fisel bilgiler.<\/li>\n\n\n\n<li>Size yap\u0131lan ve sizden al\u0131nan \u00f6demelerle ilgili ayr\u0131nt\u0131lar ve bizden sat\u0131n ald\u0131\u011f\u0131n\u0131z \u00fcr\u00fcn ve hizmetlerle ilgili di\u011fer ayr\u0131nt\u0131lar dahil olmak \u00fczere i\u015flem bilgileri.<\/li>\n\n\n\n<li>Anketlere yan\u0131t verdi\u011finizde, pazar ara\u015ft\u0131rmas\u0131 faaliyetlerine kat\u0131ld\u0131\u011f\u0131n\u0131zda, Sitemizle ilgili bir sorunu bildirdi\u011finizde veya m\u00fc\u015fteri deste\u011fi ald\u0131\u011f\u0131n\u0131zda verdi\u011finiz bilgiler gibi geri bildirim ve yaz\u0131\u015fmalar.<\/li>\n<\/ul>\n\n\n\n<h3 class=\"wp-block-heading\">Otomatik Olarak Toplad\u0131\u011f\u0131m\u0131z Bilgiler<\/h3>\n\n\n\n<p>Sitemize eri\u015fti\u011finizde veya Sitemizi kulland\u0131\u011f\u0131n\u0131zda, a\u015fa\u011f\u0131dakiler de dahil olmak \u00fczere hakk\u0131n\u0131zda otomatik olarak bilgi toplayabiliriz:<\/p>\n\n\n\n<ul class=\"wp-block-list\">\n<li>G\u00fcnl\u00fck Bilgileri: Trafik verileri, konum verileri, g\u00fcnl\u00fckler ve di\u011fer ileti\u015fim verileri ve Sitede eri\u015fti\u011finiz ve kulland\u0131\u011f\u0131n\u0131z kaynaklar dahil olmak \u00fczere Sitemize yapt\u0131\u011f\u0131n\u0131z ziyaretlerin ayr\u0131nt\u0131lar\u0131.<\/li>\n\n\n\n<li>Cihaz Bilgileri: Cihaz\u0131n benzersiz cihaz tan\u0131mlay\u0131c\u0131s\u0131, IP adresi, i\u015fletim sistemi, taray\u0131c\u0131 t\u00fcr\u00fc, mobil a\u011f bilgileri ve cihaz\u0131n telefon numaras\u0131 dahil olmak \u00fczere bilgisayar\u0131n\u0131z, mobil cihaz\u0131n\u0131z ve \u0130nternet ba\u011flant\u0131n\u0131z hakk\u0131ndaki bilgiler.<\/li>\n\n\n\n<li>Kullan\u0131m Detaylar\u0131: Trafik verileri, konum verileri, g\u00fcnl\u00fckler ve di\u011fer ileti\u015fim verileri ve Sitede eri\u015fti\u011finiz ve kulland\u0131\u011f\u0131n\u0131z kaynaklar dahil olmak \u00fczere Sitemizi kullan\u0131m\u0131n\u0131z\u0131n ayr\u0131nt\u0131lar\u0131.<\/li>\n<\/ul>\n\n\n\n<h3 class=\"wp-block-heading\">\u00c7erezler ve Benzer Teknolojiler<\/h3>\n\n\n\n<p>Sitemizdeki etkinli\u011fi izlemek ve belirli bilgileri tutmak i\u00e7in \u00e7erezleri ve benzer izleme teknolojilerini kullan\u0131r\u0131z. \u00c7erezler, anonim benzersiz bir tan\u0131mlay\u0131c\u0131 i\u00e7erebilen az miktarda veri i\u00e7eren dosyalard\u0131r. Bu \u00e7erezleri kabul etme veya reddetme ve bilgisayar\u0131n\u0131za ne zaman bir \u00e7erez g\u00f6nderildi\u011fini bilme se\u00e7ene\u011finiz vard\u0131r. \u00c7erezlerimizi reddetmeyi tercih ederseniz, Hizmetimizin baz\u0131 b\u00f6l\u00fcmlerini kullanamayabilirsiniz.<\/p>\n\n\n\n<h2 class=\"wp-block-heading\">Bilgi Kullan\u0131m\u0131<\/h2>\n\n\n\n<p>Ki\u015fisel bilgiler de dahil olmak \u00fczere hakk\u0131n\u0131zda toplanan veya sizin taraf\u0131n\u0131zdan sa\u011flanan bilgileri kullan\u0131r\u0131z:<\/p>\n\n\n\n<ul class=\"wp-block-list\">\n<li>Sitemizi ve i\u00e7eri\u011fini size sunmak i\u00e7in.<\/li>\n\n\n\n<li>Bizden talep etti\u011finiz bilgi, \u00fcr\u00fcn veya hizmetleri size sa\u011flamak i\u00e7in.<\/li>\n\n\n\n<li>Verdi\u011finiz di\u011fer herhangi bir amac\u0131 yerine getirmek i\u00e7in.<\/li>\n\n\n\n<li>Faturaland\u0131rma ve tahsilat da dahil olmak \u00fczere, sizinle aram\u0131zda yap\u0131lan s\u00f6zle\u015fmelerden do\u011fan y\u00fck\u00fcml\u00fcl\u00fcklerimizi yerine getirmek ve haklar\u0131m\u0131z\u0131 uygulamak i\u00e7in.<\/li>\n\n\n\n<li>Sitemizdeki veya Sitemiz arac\u0131l\u0131\u011f\u0131yla sundu\u011fumuz veya sa\u011flad\u0131\u011f\u0131m\u0131z \u00fcr\u00fcn veya hizmetlerdeki de\u011fi\u015fiklikler hakk\u0131nda sizi bilgilendirmek i\u00e7in.<\/li>\n\n\n\n<li>Sitemizdeki interaktif \u00f6zelliklere kat\u0131lman\u0131za izin vermek i\u00e7in.<\/li>\n<\/ul>\n\n\n\n<h2 class=\"wp-block-heading\">Bilgi Payla\u015f\u0131m\u0131<\/h2>\n\n\n\n<p>Kullan\u0131c\u0131lar\u0131m\u0131z hakk\u0131ndaki toplu bilgileri ve herhangi bir bireyi tan\u0131mlamayan bilgileri k\u0131s\u0131tlama olmaks\u0131z\u0131n if\u015fa edebiliriz. Toplad\u0131\u011f\u0131m\u0131z veya sizin sa\u011flad\u0131\u011f\u0131n\u0131z ki\u015fisel bilgileri if\u015fa edebiliriz:<\/p>\n\n\n\n<ul class=\"wp-block-list\">\n<li>Ba\u011fl\u0131 kurulu\u015flar\u0131m\u0131za ve i\u015ftiraklerimize.<\/li>\n\n\n\n<li>Y\u00fcklenicilere, hizmet sa\u011flay\u0131c\u0131lara ve i\u015fimizi desteklemek i\u00e7in kulland\u0131\u011f\u0131m\u0131z di\u011fer \u00fc\u00e7\u00fcnc\u00fc taraflara.<\/li>\n\n\n\n<li>Sa\u011flad\u0131\u011f\u0131n\u0131z amac\u0131 yerine getirmek i\u00e7in.<\/li>\n\n\n\n<li>Bilgileri verdi\u011finizde taraf\u0131m\u0131zdan a\u00e7\u0131klanan di\u011fer herhangi bir ama\u00e7 i\u00e7in.<\/li>\n\n\n\n<li>Sizin r\u0131zan\u0131zla.<\/li>\n<\/ul>\n\n\n\n<h2 class=\"wp-block-heading\">Bilgilerinizin G\u00fcvenli\u011fi<\/h2>\n\n\n\n<p>Ki\u015fisel bilgilerinizi kazara kaybolmaya ve yetkisiz eri\u015fime, kullan\u0131ma, de\u011fi\u015ftirilmeye ve if\u015fa edilmeye kar\u015f\u0131 korumak i\u00e7in tasarlanm\u0131\u015f \u00f6nlemler uygulad\u0131k. Ne yaz\u0131k ki, internet \u00fczerinden bilgi aktar\u0131m\u0131 tamamen g\u00fcvenli de\u011fildir. Ki\u015fisel bilgilerinizi korumak i\u00e7in elimizden geleni yapmam\u0131za ra\u011fmen, Sitemize iletilen ki\u015fisel bilgilerinizin g\u00fcvenli\u011fini garanti edemeyiz. Ki\u015fisel bilgilerin herhangi bir \u015fekilde iletilmesi riski size aittir.<\/p>\n\n\n\n<h2 class=\"wp-block-heading\">Gizlilik Politikam\u0131zdaki De\u011fi\u015fiklikler<\/h2>\n\n\n\n<p>Gizlilik Politikam\u0131z\u0131 zaman zaman g\u00fcncelleyebiliriz. Yeni Gizlilik Politikas\u0131n\u0131 bu sayfada yay\u0131nlayarak de\u011fi\u015fiklikleri size bildirece\u011fiz. Herhangi bir de\u011fi\u015fiklik i\u00e7in bu Gizlilik Politikas\u0131n\u0131 periyodik olarak g\u00f6zden ge\u00e7irmeniz tavsiye edilir.<\/p>\n\n\n\n<h2 class=\"wp-block-heading\">\u0130leti\u015fim Bilgileri<\/h2>\n\n\n\n<p>Bu Gizlilik Politikas\u0131 ve gizlilik uygulamalar\u0131m\u0131z hakk\u0131nda soru sormak veya yorum yapmak i\u00e7in bizimle ileti\u015fime ge\u00e7in: <a href=\"mailto:info@no-limit-city.com\">info@no-limit-city.com<\/a>.<\/p>","protected":false},"excerpt":{"rendered":"<p>Last Update: 03.03.2024 This Privacy Policy applies to the website located at https:\/\/www.no-limit-city.com\/ (hereinafter &#8220;we&#8221;, &#8220;us&#8221;, &#8220;our&#8221;, &#8220;Nolimit City Slots Reviews&#8221;, or &#8220;Site&#8221;). It describes how we collect, use, and share information about you through our online interfaces owned and controlled by us, including https:\/\/www.no-limit-city.com\/. Collection of Information Information You Provide to Us We collect [&hellip;]<\/p>","protected":false},"author":1,"featured_media":0,"parent":0,"menu_order":0,"comment_status":"closed","ping_status":"closed","template":"","meta":{"footnotes":""},"class_list":["post-263","page","type-page","status-publish","hentry"],"acf":[],"_links":{"self":[{"href":"https:\/\/www.no-limit-city.com\/tr\/wp-json\/wp\/v2\/pages\/263","targetHints":{"allow":["GET"]}}],"collection":[{"href":"https:\/\/www.no-limit-city.com\/tr\/wp-json\/wp\/v2\/pages"}],"about":[{"href":"https:\/\/www.no-limit-city.com\/tr\/wp-json\/wp\/v2\/types\/page"}],"author":[{"embeddable":true,"href":"https:\/\/www.no-limit-city.com\/tr\/wp-json\/wp\/v2\/users\/1"}],"replies":[{"embeddable":true,"href":"https:\/\/www.no-limit-city.com\/tr\/wp-json\/wp\/v2\/comments?post=263"}],"version-history":[{"count":0,"href":"https:\/\/www.no-limit-city.com\/tr\/wp-json\/wp\/v2\/pages\/263\/revisions"}],"wp:attachment":[{"href":"https:\/\/www.no-limit-city.com\/tr\/wp-json\/wp\/v2\/media?parent=263"}],"curies":[{"name":"wp","href":"https:\/\/api.w.org\/{rel}","templated":true}]}}