{"id":265,"date":"2024-03-11T17:52:34","date_gmt":"2024-03-11T14:52:34","guid":{"rendered":"https:\/\/export.mercurytheme.com\/001\/?page_id=265"},"modified":"2025-05-01T14:25:06","modified_gmt":"2025-05-01T11:25:06","slug":"terms-and-conditions","status":"publish","type":"page","link":"https:\/\/www.no-limit-city.com\/tr\/terms-and-conditions\/","title":{"rendered":"\u015eartlar ve Ko\u015fullar"},"content":{"rendered":"<p><strong>Son G\u00fcncelleme 03.03.2024<\/strong><\/p>\n\n\n\n<p>adresinden eri\u015filebilen Nolimit City Slots \u0130ncelemelerine ho\u015f geldiniz <a href=\"https:\/\/www.no-limit-city.com\/tr\/\">https:\/\/www.no-limit-city.com\/<\/a> (\"Site\"). Bu h\u00fck\u00fcm ve ko\u015fullar, Sitemizin kullan\u0131m\u0131na ili\u015fkin kural ve d\u00fczenlemeleri ana hatlar\u0131yla belirtir.<\/p>\n\n\n\n<p>Bu web sitesine eri\u015ferek, bu h\u00fck\u00fcm ve ko\u015fullar\u0131 tam olarak kabul etti\u011finizi varsay\u0131yoruz. Bu sayfada belirtilen t\u00fcm h\u00fck\u00fcm ve ko\u015fullar\u0131 kabul etmiyorsan\u0131z Nolimit City Slots Reviews'u kullanmaya devam etmeyin.<\/p>\n\n\n\n<h2 class=\"wp-block-heading\">1. Fikri M\u00fclkiyet Haklar\u0131<\/h2>\n\n\n\n<p>Bu web sitesine dahil etmeyi se\u00e7mi\u015f olabilece\u011finiz size ait i\u00e7erik d\u0131\u015f\u0131nda, bu \u015fartlar alt\u0131nda, Nolimit City Slots Reviews ve\/veya lisans verenleri, bu web sitesinde yer alan fikri m\u00fclkiyet ve materyal \u00fczerindeki t\u00fcm haklara sahiptir ve bu t\u00fcr haklar\u0131n t\u00fcm\u00fc sakl\u0131d\u0131r.<\/p>\n\n\n\n<p>Bu web sitesinde yer alan materyali g\u00f6r\u00fcnt\u00fclemek amac\u0131yla, bu \u015fartlarda belirtilen k\u0131s\u0131tlamalara tabi olarak size yaln\u0131zca s\u0131n\u0131rl\u0131 bir lisans verilmektedir.<\/p>\n\n\n\n<h2 class=\"wp-block-heading\">2. K\u0131s\u0131tlamalar<\/h2>\n\n\n\n<p>A\u015fa\u011f\u0131dakileri yapman\u0131z a\u00e7\u0131k\u00e7a yasaklanm\u0131\u015ft\u0131r:<\/p>\n\n\n\n<ul class=\"wp-block-list\">\n<li>Herhangi bir web sitesi materyalini \u00f6nceden yaz\u0131l\u0131 izin almadan herhangi bir medyada yay\u0131nlamak.<\/li>\n\n\n\n<li>Herhangi bir web sitesi materyalini satmak, alt lisanslamak ve\/veya ba\u015fka bir \u015fekilde ticarile\u015ftirmek.<\/li>\n\n\n\n<li>Herhangi bir web sitesi materyalini kamuya a\u00e7\u0131k olarak icra etmek ve\/veya g\u00f6stermek.<\/li>\n\n\n\n<li>Bu web sitesini, bu web sitesine zarar veren veya verebilecek herhangi bir \u015fekilde kullanmak.<\/li>\n\n\n\n<li>Bu web sitesini, kullan\u0131c\u0131lar\u0131n bu web sitesine eri\u015fimini etkileyecek herhangi bir \u015fekilde kullanmak.<\/li>\n\n\n\n<li>Bu web sitesini y\u00fcr\u00fcrl\u00fckteki yasa ve y\u00f6netmeliklere ayk\u0131r\u0131 olarak veya web sitesine veya herhangi bir ki\u015fi veya ticari kurulu\u015fa zarar verecek veya verebilecek \u015fekilde kullanmak.<\/li>\n<\/ul>\n\n\n\n<h2 class=\"wp-block-heading\">3. Kullan\u0131c\u0131 \u0130\u00e7eri\u011fi<\/h2>\n\n\n\n<p>Bu h\u00fck\u00fcm ve ko\u015fullarda \"kullan\u0131c\u0131 i\u00e7eri\u011finiz\", hangi ama\u00e7la olursa olsun bu web sitesine g\u00f6nderdi\u011finiz materyal (metin, resim, ses materyali, video materyali ve g\u00f6rsel-i\u015fitsel materyal dahil ancak bunlarla s\u0131n\u0131rl\u0131 olmamak \u00fczere) anlam\u0131na gelir.<\/p>\n\n\n\n<p>Nolimit City Slots Reviews'a, kullan\u0131c\u0131 i\u00e7eri\u011finizi mevcut veya gelecekteki herhangi bir ortamda kullanmak, \u00e7o\u011faltmak, uyarlamak, yay\u0131nlamak, terc\u00fcme etmek ve da\u011f\u0131tmak i\u00e7in m\u00fcnhas\u0131r olmayan, d\u00fcnya \u00e7ap\u0131nda, geri al\u0131namaz, telifsiz, alt lisans verilebilir bir lisans verirsiniz. Ayr\u0131ca Nolimit City Slots Reviews'a bu haklar\u0131 alt lisanslama hakk\u0131 ve bu haklar\u0131n ihlali i\u00e7in dava a\u00e7ma hakk\u0131 verirsiniz.<\/p>\n\n\n\n<h2 class=\"wp-block-heading\">4. Garanti Yok<\/h2>\n\n\n\n<p>Bu web sitesi t\u00fcm hatalar\u0131yla birlikte \"oldu\u011fu gibi\" sa\u011flanmaktad\u0131r ve Nolimit City Slots Reviews, bu web sitesi veya bu web sitesinde yer alan materyallerle ilgili herhangi bir a\u00e7\u0131k veya z\u0131mni beyan veya garanti vermez.<\/p>\n\n\n\n<h2 class=\"wp-block-heading\">5. Sorumlulu\u011fun S\u0131n\u0131rland\u0131r\u0131lmas\u0131<\/h2>\n\n\n\n<p>Hi\u00e7bir durumda, Nolimit City Slots Reviews veya herhangi bir yetkilisi, y\u00f6neticisi ve \u00e7al\u0131\u015fan\u0131, bu web sitesini kullan\u0131m\u0131n\u0131zdan kaynaklanan veya herhangi bir \u015fekilde ba\u011flant\u0131l\u0131 olan herhangi bir \u015feyden sorumlu olmayacakt\u0131r, bu sorumluluk s\u00f6zle\u015fme, haks\u0131z fiil veya ba\u015fka bir \u015fekilde olsun ve Nolimit City Slots Reviews, yetkilileri, y\u00f6neticileri ve \u00e7al\u0131\u015fanlar\u0131 dahil olmak \u00fczere, bu web sitesini kullan\u0131m\u0131n\u0131zdan kaynaklanan veya bunlarla ilgili herhangi bir \u015fekilde ortaya \u00e7\u0131kan dolayl\u0131, sonu\u00e7sal veya \u00f6zel sorumluluklardan sorumlu olmayacakt\u0131r.<\/p>\n\n\n\n<h2 class=\"wp-block-heading\">6. Tazminat<\/h2>\n\n\n\n<p>Nolimit City Slots Reviews'u, bu \u015fartlar\u0131n herhangi bir h\u00fckm\u00fcn\u00fc ihlal etmenizden kaynaklanan veya herhangi bir \u015fekilde bununla ilgili olan her t\u00fcrl\u00fc y\u00fck\u00fcml\u00fcl\u00fck, maliyet, talep, dava nedeni, zarar ve masraftan (makul avukatl\u0131k \u00fccretleri dahil) tam olarak tazmin edersiniz.<\/p>\n\n\n\n<h2 class=\"wp-block-heading\">7. B\u00f6l\u00fcnebilirlik<\/h2>\n\n\n\n<p>Bu \u015fartlar\u0131n herhangi bir h\u00fckm\u00fcn\u00fcn y\u00fcr\u00fcrl\u00fckteki herhangi bir yasa uyar\u0131nca uygulanamaz veya ge\u00e7ersiz oldu\u011fu tespit edilirse, s\u00f6z konusu uygulanamazl\u0131k veya ge\u00e7ersizlik bu \u015fartlar\u0131 bir b\u00fct\u00fcn olarak uygulanamaz veya ge\u00e7ersiz k\u0131lmaz ve s\u00f6z konusu h\u00fck\u00fcmler burada yer alan di\u011fer h\u00fck\u00fcmleri etkilemeksizin silinir.<\/p>\n\n\n\n<h2 class=\"wp-block-heading\">8. \u015eartlar\u0131n De\u011fi\u015ftirilmesi<\/h2>\n\n\n\n<p>Nolimit City Slots Reviews, bu \u015fartlar\u0131 uygun g\u00f6rd\u00fc\u011f\u00fc herhangi bir zamanda revize etme iznine sahiptir ve bu web sitesini kullanarak, bu web sitesinin kullan\u0131m\u0131n\u0131 y\u00f6neten t\u00fcm h\u00fck\u00fcm ve ko\u015fullar\u0131 anlad\u0131\u011f\u0131n\u0131zdan emin olmak i\u00e7in bu \u015fartlar\u0131 d\u00fczenli olarak g\u00f6zden ge\u00e7irmeniz beklenmektedir.<\/p>\n\n\n\n<h2 class=\"wp-block-heading\">9. Atama<\/h2>\n\n\n\n<p>Nolimit City Slots Reviews, bu \u015fartlar kapsam\u0131ndaki haklar\u0131n\u0131 ve \/ veya y\u00fck\u00fcml\u00fcl\u00fcklerini herhangi bir bildirimde bulunmaks\u0131z\u0131n devredebilir, devredebilir ve alt s\u00f6zle\u015fme yapabilir. Ancak, bu \u015fartlar kapsam\u0131ndaki haklar\u0131n\u0131z\u0131 ve \/ veya y\u00fck\u00fcml\u00fcl\u00fcklerinizi devretmenize, devretmenize veya ta\u015feronla\u015ft\u0131rman\u0131za izin verilmez.<\/p>\n\n\n\n<h2 class=\"wp-block-heading\">10. T\u00fcm S\u00f6zle\u015fme<\/h2>\n\n\n\n<p>Bu web sitesinde yer alan yasal bildirimler ve feragatnameler de dahil olmak \u00fczere bu \u015fartlar, bu web sitesini kullan\u0131m\u0131n\u0131zla ilgili olarak Nolimit City Slots Reviews ile aran\u0131zdaki s\u00f6zle\u015fmenin tamam\u0131n\u0131 olu\u015fturur ve bunlarla ilgili \u00f6nceki t\u00fcm anla\u015fmalar\u0131n ve mutabakatlar\u0131n yerine ge\u00e7er.<\/p>\n\n\n\n<h2 class=\"wp-block-heading\">Ge\u00e7erli Hukuk ve Yarg\u0131 Yetkisi<\/h2>\n\n\n\n<p>Bu \u015fartlar, web sitesi operat\u00f6r\u00fcn\u00fcn bulundu\u011fu yarg\u0131 b\u00f6lgesinin yasalar\u0131na g\u00f6re y\u00f6netilecek ve yorumlanacakt\u0131r ve herhangi bir anla\u015fmazl\u0131\u011f\u0131n \u00e7\u00f6z\u00fcm\u00fc i\u00e7in bu yarg\u0131 b\u00f6lgesinde bulunan eyalet ve federal mahkemelerin m\u00fcnhas\u0131r olmayan yarg\u0131 yetkisine tabi olursunuz.<\/p>","protected":false},"excerpt":{"rendered":"<p>Last Updated: 03.03.2024 Welcome to Nolimit City Slots Reviews, accessible at https:\/\/www.no-limit-city.com\/ (&#8220;Site&#8221;). These terms and conditions outline the rules and regulations for the use of our Site. By accessing this website, we assume you accept these terms and conditions in full. Do not continue to use Nolimit City Slots Reviews if you do not [&hellip;]<\/p>","protected":false},"author":1,"featured_media":0,"parent":0,"menu_order":0,"comment_status":"closed","ping_status":"closed","template":"page-no-sidebar.php","meta":{"footnotes":""},"class_list":["post-265","page","type-page","status-publish","hentry"],"acf":[],"_links":{"self":[{"href":"https:\/\/www.no-limit-city.com\/tr\/wp-json\/wp\/v2\/pages\/265","targetHints":{"allow":["GET"]}}],"collection":[{"href":"https:\/\/www.no-limit-city.com\/tr\/wp-json\/wp\/v2\/pages"}],"about":[{"href":"https:\/\/www.no-limit-city.com\/tr\/wp-json\/wp\/v2\/types\/page"}],"author":[{"embeddable":true,"href":"https:\/\/www.no-limit-city.com\/tr\/wp-json\/wp\/v2\/users\/1"}],"replies":[{"embeddable":true,"href":"https:\/\/www.no-limit-city.com\/tr\/wp-json\/wp\/v2\/comments?post=265"}],"version-history":[{"count":0,"href":"https:\/\/www.no-limit-city.com\/tr\/wp-json\/wp\/v2\/pages\/265\/revisions"}],"wp:attachment":[{"href":"https:\/\/www.no-limit-city.com\/tr\/wp-json\/wp\/v2\/media?parent=265"}],"curies":[{"name":"wp","href":"https:\/\/api.w.org\/{rel}","templated":true}]}}